{"id":6021,"date":"2020-03-26T13:18:26","date_gmt":"2020-03-26T13:18:26","guid":{"rendered":"https:\/\/istex.is\/?page_id=6021"},"modified":"2025-02-12T14:04:18","modified_gmt":"2025-02-12T14:04:18","slug":"ullarsapa-og-ullarnaering","status":"publish","type":"page","link":"https:\/\/istex.is\/en\/other-products\/ullarsapa-og-ullarnaering\/","title":{"rendered":"Wool soap and wool conditioner"},"content":{"rendered":"\t\t<div data-elementor-type=\"wp-post\" data-elementor-id=\"6021\" class=\"elementor elementor-6021 elementor-1860\" data-elementor-post-type=\"page\">\n\t\t\t\t\t\t<section class=\"elementor-section elementor-top-section elementor-element elementor-element-331dbde elementor-section-boxed elementor-section-height-default elementor-section-height-default\" data-id=\"331dbde\" data-element_type=\"section\" data-settings=\"{&quot;background_background&quot;:&quot;classic&quot;}\">\n\t\t\t\t\t\t<div class=\"elementor-container elementor-column-gap-no\">\n\t\t\t\t\t<div class=\"elementor-column elementor-col-50 elementor-top-column elementor-element elementor-element-bfc6c69\" data-id=\"bfc6c69\" data-element_type=\"column\">\n\t\t\t<div class=\"elementor-widget-wrap elementor-element-populated\">\n\t\t\t\t\t\t<div class=\"elementor-element elementor-element-6a27ba4 elementor-widget elementor-widget-image\" data-id=\"6a27ba4\" data-element_type=\"widget\" data-widget_type=\"image.default\">\n\t\t\t\t<div class=\"elementor-widget-container\">\n\t\t\t\t\t\t\t\t\t\t\t\t\t\t\t<img fetchpriority=\"high\" decoding=\"async\" width=\"1733\" height=\"1920\" src=\"https:\/\/istex.is\/wp-content\/uploads\/2022\/08\/ullarsapaognaering.jpeg\" class=\"attachment-full size-full wp-image-8794\" alt=\"\" srcset=\"https:\/\/istex.is\/wp-content\/uploads\/2022\/08\/ullarsapaognaering.jpeg 1733w, https:\/\/istex.is\/wp-content\/uploads\/2022\/08\/ullarsapaognaering-271x300.jpeg 271w, https:\/\/istex.is\/wp-content\/uploads\/2022\/08\/ullarsapaognaering-924x1024.jpeg 924w, https:\/\/istex.is\/wp-content\/uploads\/2022\/08\/ullarsapaognaering-768x851.jpeg 768w, https:\/\/istex.is\/wp-content\/uploads\/2022\/08\/ullarsapaognaering-1386x1536.jpeg 1386w, https:\/\/istex.is\/wp-content\/uploads\/2022\/08\/ullarsapaognaering-600x665.jpeg 600w, https:\/\/istex.is\/wp-content\/uploads\/2022\/08\/ullarsapaognaering-64x71.jpeg 64w\" sizes=\"(max-width: 1733px) 100vw, 1733px\" \/>\t\t\t\t\t\t\t\t\t\t\t\t\t\t\t<\/div>\n\t\t\t\t<\/div>\n\t\t\t\t\t<\/div>\n\t\t<\/div>\n\t\t\t\t<div class=\"elementor-column elementor-col-50 elementor-top-column elementor-element elementor-element-56b09b7\" data-id=\"56b09b7\" data-element_type=\"column\" data-settings=\"{&quot;background_background&quot;:&quot;classic&quot;}\">\n\t\t\t<div class=\"elementor-widget-wrap elementor-element-populated\">\n\t\t\t\t\t\t<div class=\"elementor-element elementor-element-cb10b19 elementor-widget elementor-widget-heading\" data-id=\"cb10b19\" data-element_type=\"widget\" data-widget_type=\"heading.default\">\n\t\t\t\t<div class=\"elementor-widget-container\">\n\t\t\t\t\t<h1 class=\"elementor-heading-title elementor-size-default\">Wool soap and conditioner <\/h1>\t\t\t\t<\/div>\n\t\t\t\t<\/div>\n\t\t\t\t<div class=\"elementor-element elementor-element-8ba7e1a elementor-widget elementor-widget-breadcrumbs\" data-id=\"8ba7e1a\" data-element_type=\"widget\" data-widget_type=\"breadcrumbs.default\">\n\t\t\t\t<div class=\"elementor-widget-container\">\n\t\t\t\t\t<div id=\"breadcrumbs\"><span><span><a href=\"https:\/\/istex.is\/en\/\">Home<\/a><\/span><\/span><\/div>\t\t\t\t<\/div>\n\t\t\t\t<\/div>\n\t\t\t\t<div class=\"elementor-element elementor-element-305f335 elementor-widget elementor-widget-text-editor\" data-id=\"305f335\" data-element_type=\"widget\" data-widget_type=\"text-editor.default\">\n\t\t\t\t<div class=\"elementor-widget-container\">\n\t\t\t\t\t\t\t\t\t<p>Lopi wool soap (Ullars\u00e1pa) is a soap specially formulated for washing wool and other delicate materials.<\/p><p>Lopi wool conditioner (Ullarn\u00e6ring) is a conditioner for wool and other delicate materials. Both products can be used for washing by hand or in a washing machine.<\/p>\t\t\t\t\t\t\t\t<\/div>\n\t\t\t\t<\/div>\n\t\t\t\t\t<\/div>\n\t\t<\/div>\n\t\t\t\t\t<\/div>\n\t\t<\/section>\n\t\t\t\t<section class=\"elementor-section elementor-top-section elementor-element elementor-element-dc12f41 elementor-section-boxed elementor-section-height-default elementor-section-height-default\" data-id=\"dc12f41\" data-element_type=\"section\" data-settings=\"{&quot;background_background&quot;:&quot;classic&quot;}\">\n\t\t\t\t\t\t<div class=\"elementor-container elementor-column-gap-no\">\n\t\t\t\t\t<div class=\"elementor-column elementor-col-50 elementor-top-column elementor-element elementor-element-2cfb982\" data-id=\"2cfb982\" data-element_type=\"column\">\n\t\t\t<div class=\"elementor-widget-wrap elementor-element-populated\">\n\t\t\t\t\t\t<div class=\"elementor-element elementor-element-4b85eb7 elementor-widget elementor-widget-image\" data-id=\"4b85eb7\" data-element_type=\"widget\" data-widget_type=\"image.default\">\n\t\t\t\t<div class=\"elementor-widget-container\">\n\t\t\t\t\t\t\t\t\t\t\t\t\t\t\t<img decoding=\"async\" width=\"1920\" height=\"1440\" src=\"https:\/\/istex.is\/wp-content\/uploads\/2022\/08\/Lopisa\u0301pa-S.jpeg\" class=\"attachment-full size-full wp-image-8804\" alt=\"\" srcset=\"https:\/\/istex.is\/wp-content\/uploads\/2022\/08\/Lopisa\u0301pa-S.jpeg 1920w, https:\/\/istex.is\/wp-content\/uploads\/2022\/08\/Lopisa\u0301pa-S-300x225.jpeg 300w, https:\/\/istex.is\/wp-content\/uploads\/2022\/08\/Lopisa\u0301pa-S-1024x768.jpeg 1024w, https:\/\/istex.is\/wp-content\/uploads\/2022\/08\/Lopisa\u0301pa-S-768x576.jpeg 768w, https:\/\/istex.is\/wp-content\/uploads\/2022\/08\/Lopisa\u0301pa-S-1536x1152.jpeg 1536w, https:\/\/istex.is\/wp-content\/uploads\/2022\/08\/Lopisa\u0301pa-S-600x450.jpeg 600w, https:\/\/istex.is\/wp-content\/uploads\/2022\/08\/Lopisa\u0301pa-S-64x48.jpeg 64w\" sizes=\"(max-width: 1920px) 100vw, 1920px\" \/>\t\t\t\t\t\t\t\t\t\t\t\t\t\t\t<\/div>\n\t\t\t\t<\/div>\n\t\t\t\t\t<\/div>\n\t\t<\/div>\n\t\t\t\t<div class=\"elementor-column elementor-col-50 elementor-top-column elementor-element elementor-element-689ab61\" data-id=\"689ab61\" data-element_type=\"column\" data-settings=\"{&quot;background_background&quot;:&quot;classic&quot;}\">\n\t\t\t<div class=\"elementor-widget-wrap elementor-element-populated\">\n\t\t\t\t\t\t<div class=\"elementor-element elementor-element-467f2cc elementor-widget elementor-widget-heading\" data-id=\"467f2cc\" data-element_type=\"widget\" data-widget_type=\"heading.default\">\n\t\t\t\t<div class=\"elementor-widget-container\">\n\t\t\t\t\t<h1 class=\"elementor-heading-title elementor-size-default\">Lopi soap bar<\/h1>\t\t\t\t<\/div>\n\t\t\t\t<\/div>\n\t\t\t\t<div class=\"elementor-element elementor-element-9f87d36 elementor-widget elementor-widget-breadcrumbs\" data-id=\"9f87d36\" data-element_type=\"widget\" data-widget_type=\"breadcrumbs.default\">\n\t\t\t\t<div class=\"elementor-widget-container\">\n\t\t\t\t\t<div id=\"breadcrumbs\"><span><span><a href=\"https:\/\/istex.is\/en\/\">Home<\/a><\/span><\/span><\/div>\t\t\t\t<\/div>\n\t\t\t\t<\/div>\n\t\t\t\t<div class=\"elementor-element elementor-element-52e68b1 elementor-widget elementor-widget-text-editor\" data-id=\"52e68b1\" data-element_type=\"widget\" data-widget_type=\"text-editor.default\">\n\t\t\t\t<div class=\"elementor-widget-container\">\n\t\t\t\t\t\t\t\t\t<p>Lopis\u00e1pa is the latest soap from \u00cdstex, developed in cooperation with the Icelandic soap manufacturer, S\u00e1pusmi\u00f0jan.<br \/>Environmental friendly soap bar for hand washing wool and other materials. The soap&#8217;s nourishing qualities makes it an ideal hand soap.<\/p>\t\t\t\t\t\t\t\t<\/div>\n\t\t\t\t<\/div>\n\t\t\t\t\t<\/div>\n\t\t<\/div>\n\t\t\t\t\t<\/div>\n\t\t<\/section>\n\t\t\t\t<section class=\"elementor-section elementor-top-section elementor-element elementor-element-20ccacf elementor-section-boxed elementor-section-height-default elementor-section-height-default\" data-id=\"20ccacf\" data-element_type=\"section\">\n\t\t\t\t\t\t<div class=\"elementor-container elementor-column-gap-no\">\n\t\t\t\t\t<div class=\"elementor-column elementor-col-100 elementor-top-column elementor-element elementor-element-7bbba3d\" data-id=\"7bbba3d\" data-element_type=\"column\">\n\t\t\t<div class=\"elementor-widget-wrap elementor-element-populated\">\n\t\t\t\t\t\t<section class=\"elementor-section elementor-inner-section elementor-element elementor-element-4d69082 elementor-section-boxed elementor-section-height-default elementor-section-height-default\" data-id=\"4d69082\" data-element_type=\"section\">\n\t\t\t\t\t\t<div class=\"elementor-container elementor-column-gap-no\">\n\t\t\t\t\t<div class=\"elementor-column elementor-col-50 elementor-inner-column elementor-element elementor-element-c04eefe\" data-id=\"c04eefe\" data-element_type=\"column\">\n\t\t\t<div class=\"elementor-widget-wrap elementor-element-populated\">\n\t\t\t\t\t\t<div class=\"elementor-element elementor-element-78e7d1e elementor-widget elementor-widget-heading\" data-id=\"78e7d1e\" data-element_type=\"widget\" data-widget_type=\"heading.default\">\n\t\t\t\t<div class=\"elementor-widget-container\">\n\t\t\t\t\t<h2 class=\"elementor-heading-title elementor-size-default\">Washing instructions<\/h2>\t\t\t\t<\/div>\n\t\t\t\t<\/div>\n\t\t\t\t\t<\/div>\n\t\t<\/div>\n\t\t\t\t<div class=\"elementor-column elementor-col-50 elementor-inner-column elementor-element elementor-element-f528e49\" data-id=\"f528e49\" data-element_type=\"column\">\n\t\t\t<div class=\"elementor-widget-wrap elementor-element-populated\">\n\t\t\t\t\t\t<div class=\"elementor-element elementor-element-707d33f elementor-widget-divider--view-line elementor-widget elementor-widget-divider\" data-id=\"707d33f\" data-element_type=\"widget\" data-widget_type=\"divider.default\">\n\t\t\t\t<div class=\"elementor-widget-container\">\n\t\t\t\t\t\t\t<div class=\"elementor-divider\">\n\t\t\t<span class=\"elementor-divider-separator\">\n\t\t\t\t\t\t<\/span>\n\t\t<\/div>\n\t\t\t\t\t\t<\/div>\n\t\t\t\t<\/div>\n\t\t\t\t\t<\/div>\n\t\t<\/div>\n\t\t\t\t\t<\/div>\n\t\t<\/section>\n\t\t\t\t\t<\/div>\n\t\t<\/div>\n\t\t\t\t\t<\/div>\n\t\t<\/section>\n\t\t\t\t<section class=\"elementor-section elementor-top-section elementor-element elementor-element-de2a44b elementor-section-boxed elementor-section-height-default elementor-section-height-default\" data-id=\"de2a44b\" data-element_type=\"section\">\n\t\t\t\t\t\t<div class=\"elementor-container elementor-column-gap-no\">\n\t\t\t\t\t<div class=\"elementor-column elementor-col-50 elementor-top-column elementor-element elementor-element-bd7cd1a\" data-id=\"bd7cd1a\" data-element_type=\"column\">\n\t\t\t<div class=\"elementor-widget-wrap elementor-element-populated\">\n\t\t\t\t\t\t<div class=\"elementor-element elementor-element-27c33df elementor-widget elementor-widget-text-editor\" data-id=\"27c33df\" data-element_type=\"widget\" data-widget_type=\"text-editor.default\">\n\t\t\t\t<div class=\"elementor-widget-container\">\n\t\t\t\t\t\t\t\t\t<p><strong>Lopi Ullars\u00e1pa, recommended dosage: <\/strong><\/p><p><u>Hand wash:<\/u>\u00a0\u00a0\u00a0\u00a0\u00a0\u00a0\u00a0 25 ml (ca 2 caps) in 5 litres of water<\/p><p><u>Machine wash<\/u>: \u00a075 ml (ca 6 caps) for 4-5 kg load<\/p><p><strong>\u00a0<\/strong><\/p><p><strong>How to use Lopi Ullars\u00e1pa:<\/strong><\/p><p><strong>Hand wash <\/strong><\/p><p>Dissolve Lopi wool soap in lukewarm water, approximately 30\u00b0C<\/p><p>Let the garment soak in the water for about 10 minutes, except for garments made from Pl\u00f6tulopi that should not be soaked.<\/p><p>Wash delicately.<\/p><p>Rinse very well or until the water is completely clear. The water might need changing a few times.<\/p><p>Squeeze gently, do not rub or wring out.<\/p><p>Smooth out and lay to dry on a flat surface in right measurements.<\/p><p>We recommend using the conditioner Lopi Ullarn\u00e6ring as it softens and gives a beautiful texture.<\/p><p><strong>Machine washing<\/strong><\/p><p>Pour Lopi ullars\u00e1pa into the detergent comparment of the washing machine, see recommended dosage.<\/p><p>After the program is finished, take the load immediately out of the machine and lay to dry on a flat surface in right measurements.<\/p><p>Please note that not all garments made of wool and other delicate materials are machine washable.<\/p><p><strong>Lopi Ullarn\u00e6ring, recommended dosage: <\/strong><\/p><p><u>Hand wash:<\/u>\u00a0\u00a0\u00a0\u00a0\u00a0\u00a0\u00a0 12 ml (ca 1 caps) in 5 litres of water<\/p><p><u>Machine wash<\/u>: \u00a025 ml (ca 2 caps) for 4-5 kg load<\/p><p><strong>\u00a0<\/strong><\/p><p><strong>How to use Lopi Ullarn\u00e6ring <\/strong><\/p><p><strong>After hand washing<\/strong><\/p><p>Dissolve Lopi conditioner in lukewarm water, approximately 30\u00b0C.<\/p><p>Let the garment soak in the water for a few minutes.<\/p><p>Squeeze gently, do not rub or wring out.<\/p><p>No need to rinse.<\/p><p>Smooth out and lay to dry on a flat surface in right measurements.<\/p><p>The use of Lopi Ullarn\u00e6ring conditioner is not recommended for garments made only from Pl\u00f6tulopi.<\/p><p><strong>Machine washing <\/strong><\/p><p>Pour Lopi Ullarn\u00e6ring into the the fabric softner compartment of the washing machine, see recommended dosage.<\/p><p>After the program is finished, take the load immediately out of the machine and lay to dry on a flat surface in right measurements.<\/p><p>Please note that not all garments made of wool and other delicate materials are machine washable.<\/p><p>\u00a0<\/p><p><strong>How to use Lopi soap bar:<\/strong><\/p><p>Lather the soap with your hands in lukewarm water to make suds.\u00a0<\/p><p>Wash according to instructions for\u00a0the wool or other materials that\u00a0you wash by hand with care.\u00a0<\/p><p>For spot cleaning, gently run the soap bar\u00a0over the spot and work in gently.\u00a0<\/p><p>Rinse.<\/p><p>Lay wool garments flat to dry.\u00a0<\/p><p>Let the soap bar dry after use.<\/p>\t\t\t\t\t\t\t\t<\/div>\n\t\t\t\t<\/div>\n\t\t\t\t\t<\/div>\n\t\t<\/div>\n\t\t\t\t<div class=\"elementor-column elementor-col-50 elementor-top-column elementor-element elementor-element-7c8c2f1\" data-id=\"7c8c2f1\" data-element_type=\"column\">\n\t\t\t<div class=\"elementor-widget-wrap\">\n\t\t\t\t\t\t\t<\/div>\n\t\t<\/div>\n\t\t\t\t\t<\/div>\n\t\t<\/section>\n\t\t\t\t<\/div>\n\t\t","protected":false},"excerpt":{"rendered":"<p>Ullars\u00e1pa and Ullarn\u00e6ring Lopi Ullars\u00e1pa is a soap specially formulated for washing wool and other delicate materials. Lopi Ullarn\u00e6ring is a conditioner for wool and other delicate materials. Both products can be used for washing by hand or in a washing machine. Lopi soap bar Lopis\u00e1pa is the latest soap from \u00cdstex, developed in cooperation [&hellip;]<\/p>\n","protected":false},"author":36,"featured_media":0,"parent":4272,"menu_order":0,"comment_status":"closed","ping_status":"closed","template":"","meta":{"_acf_changed":false,"_monsterinsights_skip_tracking":false,"_monsterinsights_sitenote_active":false,"_monsterinsights_sitenote_note":"","_monsterinsights_sitenote_category":0,"footnotes":""},"class_list":["post-6021","page","type-page","status-publish","hentry"],"acf":[],"yoast_head":"<!-- This site is optimized with the Yoast SEO plugin v24.9 - https:\/\/yoast.com\/wordpress\/plugins\/seo\/ -->\n<title>Wool soap and wool conditioner - \u00cdstex<\/title>\n<meta name=\"robots\" content=\"index, follow, max-snippet:-1, max-image-preview:large, max-video-preview:-1\" \/>\n<link rel=\"canonical\" href=\"https:\/\/istex.is\/en\/other-products\/ullarsapa-og-ullarnaering\/\" \/>\n<meta property=\"og:locale\" content=\"en_US\" \/>\n<meta property=\"og:type\" content=\"article\" \/>\n<meta property=\"og:title\" content=\"Wool soap and wool conditioner - \u00cdstex\" \/>\n<meta property=\"og:description\" content=\"Ullars\u00e1pa and Ullarn\u00e6ring Lopi Ullars\u00e1pa is a soap specially formulated for washing wool and other delicate materials. Lopi Ullarn\u00e6ring is a conditioner for wool and other delicate materials. Both products can be used for washing by hand or in a washing machine. Lopi soap bar Lopis\u00e1pa is the latest soap from \u00cdstex, developed in cooperation [&hellip;]\" \/>\n<meta property=\"og:url\" content=\"https:\/\/istex.is\/en\/other-products\/ullarsapa-og-ullarnaering\/\" \/>\n<meta property=\"og:site_name\" content=\"\u00cdstex\" \/>\n<meta property=\"article:publisher\" content=\"https:\/\/www.facebook.com\/istexlopi\" \/>\n<meta property=\"article:modified_time\" content=\"2025-02-12T14:04:18+00:00\" \/>\n<meta property=\"og:image\" content=\"https:\/\/istex.is\/wp-content\/uploads\/2022\/08\/ullarsapaognaering.jpeg\" \/>\n<meta name=\"twitter:card\" content=\"summary_large_image\" \/>\n<meta name=\"twitter:label1\" content=\"Est. reading time\" \/>\n\t<meta name=\"twitter:data1\" content=\"3 minutes\" \/>\n<script type=\"application\/ld+json\" class=\"yoast-schema-graph\">{\"@context\":\"https:\/\/schema.org\",\"@graph\":[{\"@type\":\"WebPage\",\"@id\":\"https:\/\/istex.is\/en\/other-products\/ullarsapa-og-ullarnaering\/\",\"url\":\"https:\/\/istex.is\/en\/other-products\/ullarsapa-og-ullarnaering\/\",\"name\":\"Wool soap and wool conditioner - \u00cdstex\",\"isPartOf\":{\"@id\":\"https:\/\/istex.is\/#website\"},\"primaryImageOfPage\":{\"@id\":\"https:\/\/istex.is\/en\/other-products\/ullarsapa-og-ullarnaering\/#primaryimage\"},\"image\":{\"@id\":\"https:\/\/istex.is\/en\/other-products\/ullarsapa-og-ullarnaering\/#primaryimage\"},\"thumbnailUrl\":\"https:\/\/istex.is\/wp-content\/uploads\/2022\/08\/ullarsapaognaering.jpeg\",\"datePublished\":\"2020-03-26T13:18:26+00:00\",\"dateModified\":\"2025-02-12T14:04:18+00:00\",\"breadcrumb\":{\"@id\":\"https:\/\/istex.is\/en\/other-products\/ullarsapa-og-ullarnaering\/#breadcrumb\"},\"inLanguage\":\"en-US\",\"potentialAction\":[{\"@type\":\"ReadAction\",\"target\":[\"https:\/\/istex.is\/en\/other-products\/ullarsapa-og-ullarnaering\/\"]}]},{\"@type\":\"ImageObject\",\"inLanguage\":\"en-US\",\"@id\":\"https:\/\/istex.is\/en\/other-products\/ullarsapa-og-ullarnaering\/#primaryimage\",\"url\":\"https:\/\/istex.is\/wp-content\/uploads\/2022\/08\/ullarsapaognaering.jpeg\",\"contentUrl\":\"https:\/\/istex.is\/wp-content\/uploads\/2022\/08\/ullarsapaognaering.jpeg\"},{\"@type\":\"BreadcrumbList\",\"@id\":\"https:\/\/istex.is\/en\/other-products\/ullarsapa-og-ullarnaering\/#breadcrumb\",\"itemListElement\":[{\"@type\":\"ListItem\",\"position\":1,\"name\":\"Home\",\"item\":\"https:\/\/istex.is\/en\/\"},{\"@type\":\"ListItem\",\"position\":2,\"name\":\"Other products\",\"item\":\"https:\/\/istex.is\/adrar-vorur\/\"},{\"@type\":\"ListItem\",\"position\":3,\"name\":\"Wool soap and wool conditioner\"}]},{\"@type\":\"WebSite\",\"@id\":\"https:\/\/istex.is\/#website\",\"url\":\"https:\/\/istex.is\/\",\"name\":\"\u00cdstex\",\"description\":\"\u00cdslenskur text\u00edli\u00f0na\u00f0ur\",\"publisher\":{\"@id\":\"https:\/\/istex.is\/#organization\"},\"potentialAction\":[{\"@type\":\"SearchAction\",\"target\":{\"@type\":\"EntryPoint\",\"urlTemplate\":\"https:\/\/istex.is\/?s={search_term_string}\"},\"query-input\":{\"@type\":\"PropertyValueSpecification\",\"valueRequired\":true,\"valueName\":\"search_term_string\"}}],\"inLanguage\":\"en-US\"},{\"@type\":\"Organization\",\"@id\":\"https:\/\/istex.is\/#organization\",\"name\":\"\u00cdstex\",\"url\":\"https:\/\/istex.is\/\",\"logo\":{\"@type\":\"ImageObject\",\"inLanguage\":\"en-US\",\"@id\":\"https:\/\/istex.is\/#\/schema\/logo\/image\/\",\"url\":\"https:\/\/istex.is\/wp-content\/uploads\/2019\/06\/Istex-logo-vector-01.svg\",\"contentUrl\":\"https:\/\/istex.is\/wp-content\/uploads\/2019\/06\/Istex-logo-vector-01.svg\",\"caption\":\"\u00cdstex\"},\"image\":{\"@id\":\"https:\/\/istex.is\/#\/schema\/logo\/image\/\"},\"sameAs\":[\"https:\/\/www.facebook.com\/istexlopi\"]}]}<\/script>\n<!-- \/ Yoast SEO plugin. -->","yoast_head_json":{"title":"Wool soap and wool conditioner - \u00cdstex","robots":{"index":"index","follow":"follow","max-snippet":"max-snippet:-1","max-image-preview":"max-image-preview:large","max-video-preview":"max-video-preview:-1"},"canonical":"https:\/\/istex.is\/en\/other-products\/ullarsapa-og-ullarnaering\/","og_locale":"en_US","og_type":"article","og_title":"Wool soap and wool conditioner - \u00cdstex","og_description":"Ullars\u00e1pa and Ullarn\u00e6ring Lopi Ullars\u00e1pa is a soap specially formulated for washing wool and other delicate materials. Lopi Ullarn\u00e6ring is a conditioner for wool and other delicate materials. Both products can be used for washing by hand or in a washing machine. Lopi soap bar Lopis\u00e1pa is the latest soap from \u00cdstex, developed in cooperation [&hellip;]","og_url":"https:\/\/istex.is\/en\/other-products\/ullarsapa-og-ullarnaering\/","og_site_name":"\u00cdstex","article_publisher":"https:\/\/www.facebook.com\/istexlopi","article_modified_time":"2025-02-12T14:04:18+00:00","og_image":[{"url":"https:\/\/istex.is\/wp-content\/uploads\/2022\/08\/ullarsapaognaering.jpeg","type":"","width":"","height":""}],"twitter_card":"summary_large_image","twitter_misc":{"Est. reading time":"3 minutes"},"schema":{"@context":"https:\/\/schema.org","@graph":[{"@type":"WebPage","@id":"https:\/\/istex.is\/en\/other-products\/ullarsapa-og-ullarnaering\/","url":"https:\/\/istex.is\/en\/other-products\/ullarsapa-og-ullarnaering\/","name":"Wool soap and wool conditioner - \u00cdstex","isPartOf":{"@id":"https:\/\/istex.is\/#website"},"primaryImageOfPage":{"@id":"https:\/\/istex.is\/en\/other-products\/ullarsapa-og-ullarnaering\/#primaryimage"},"image":{"@id":"https:\/\/istex.is\/en\/other-products\/ullarsapa-og-ullarnaering\/#primaryimage"},"thumbnailUrl":"https:\/\/istex.is\/wp-content\/uploads\/2022\/08\/ullarsapaognaering.jpeg","datePublished":"2020-03-26T13:18:26+00:00","dateModified":"2025-02-12T14:04:18+00:00","breadcrumb":{"@id":"https:\/\/istex.is\/en\/other-products\/ullarsapa-og-ullarnaering\/#breadcrumb"},"inLanguage":"en-US","potentialAction":[{"@type":"ReadAction","target":["https:\/\/istex.is\/en\/other-products\/ullarsapa-og-ullarnaering\/"]}]},{"@type":"ImageObject","inLanguage":"en-US","@id":"https:\/\/istex.is\/en\/other-products\/ullarsapa-og-ullarnaering\/#primaryimage","url":"https:\/\/istex.is\/wp-content\/uploads\/2022\/08\/ullarsapaognaering.jpeg","contentUrl":"https:\/\/istex.is\/wp-content\/uploads\/2022\/08\/ullarsapaognaering.jpeg"},{"@type":"BreadcrumbList","@id":"https:\/\/istex.is\/en\/other-products\/ullarsapa-og-ullarnaering\/#breadcrumb","itemListElement":[{"@type":"ListItem","position":1,"name":"Home","item":"https:\/\/istex.is\/en\/"},{"@type":"ListItem","position":2,"name":"Other products","item":"https:\/\/istex.is\/adrar-vorur\/"},{"@type":"ListItem","position":3,"name":"Wool soap and wool conditioner"}]},{"@type":"WebSite","@id":"https:\/\/istex.is\/#website","url":"https:\/\/istex.is\/","name":"\u00cdstex","description":"\u00cdslenskur text\u00edli\u00f0na\u00f0ur","publisher":{"@id":"https:\/\/istex.is\/#organization"},"potentialAction":[{"@type":"SearchAction","target":{"@type":"EntryPoint","urlTemplate":"https:\/\/istex.is\/?s={search_term_string}"},"query-input":{"@type":"PropertyValueSpecification","valueRequired":true,"valueName":"search_term_string"}}],"inLanguage":"en-US"},{"@type":"Organization","@id":"https:\/\/istex.is\/#organization","name":"\u00cdstex","url":"https:\/\/istex.is\/","logo":{"@type":"ImageObject","inLanguage":"en-US","@id":"https:\/\/istex.is\/#\/schema\/logo\/image\/","url":"https:\/\/istex.is\/wp-content\/uploads\/2019\/06\/Istex-logo-vector-01.svg","contentUrl":"https:\/\/istex.is\/wp-content\/uploads\/2019\/06\/Istex-logo-vector-01.svg","caption":"\u00cdstex"},"image":{"@id":"https:\/\/istex.is\/#\/schema\/logo\/image\/"},"sameAs":["https:\/\/www.facebook.com\/istexlopi"]}]}},"_links":{"self":[{"href":"https:\/\/istex.is\/en\/wp-json\/wp\/v2\/pages\/6021","targetHints":{"allow":["GET"]}}],"collection":[{"href":"https:\/\/istex.is\/en\/wp-json\/wp\/v2\/pages"}],"about":[{"href":"https:\/\/istex.is\/en\/wp-json\/wp\/v2\/types\/page"}],"author":[{"embeddable":true,"href":"https:\/\/istex.is\/en\/wp-json\/wp\/v2\/users\/36"}],"replies":[{"embeddable":true,"href":"https:\/\/istex.is\/en\/wp-json\/wp\/v2\/comments?post=6021"}],"version-history":[{"count":16,"href":"https:\/\/istex.is\/en\/wp-json\/wp\/v2\/pages\/6021\/revisions"}],"predecessor-version":[{"id":10092,"href":"https:\/\/istex.is\/en\/wp-json\/wp\/v2\/pages\/6021\/revisions\/10092"}],"up":[{"embeddable":true,"href":"https:\/\/istex.is\/en\/wp-json\/wp\/v2\/pages\/4272"}],"wp:attachment":[{"href":"https:\/\/istex.is\/en\/wp-json\/wp\/v2\/media?parent=6021"}],"curies":[{"name":"wp","href":"https:\/\/api.w.org\/{rel}","templated":true}]}}