{"id":5880,"date":"2020-03-24T14:44:18","date_gmt":"2020-03-24T14:44:18","guid":{"rendered":"https:\/\/istex.is\/?page_id=5880"},"modified":"2025-02-12T14:00:54","modified_gmt":"2025-02-12T14:00:54","slug":"knitting-needles-and-crochet-hooks","status":"publish","type":"page","link":"https:\/\/istex.is\/en\/other-products\/knitting-needles-and-crochet-hooks\/","title":{"rendered":"Knitting needles, crochet hooks and buttons"},"content":{"rendered":"\t\t<div data-elementor-type=\"wp-post\" data-elementor-id=\"5880\" class=\"elementor elementor-5880 elementor-1870\" data-elementor-post-type=\"page\">\n\t\t\t\t\t\t<section class=\"elementor-section elementor-top-section elementor-element elementor-element-2af9881 elementor-section-boxed elementor-section-height-default elementor-section-height-default\" data-id=\"2af9881\" data-element_type=\"section\" data-settings=\"{&quot;background_background&quot;:&quot;classic&quot;}\">\n\t\t\t\t\t\t<div class=\"elementor-container elementor-column-gap-no\">\n\t\t\t\t\t<div class=\"elementor-column elementor-col-50 elementor-top-column elementor-element elementor-element-434dfa8\" data-id=\"434dfa8\" data-element_type=\"column\">\n\t\t\t<div class=\"elementor-widget-wrap elementor-element-populated\">\n\t\t\t\t\t\t<div class=\"elementor-element elementor-element-39d8084 elementor-widget elementor-widget-image\" data-id=\"39d8084\" data-element_type=\"widget\" data-widget_type=\"image.default\">\n\t\t\t\t<div class=\"elementor-widget-container\">\n\t\t\t\t\t\t\t\t\t\t\t\t\t\t\t<img fetchpriority=\"high\" decoding=\"async\" width=\"528\" height=\"533\" src=\"https:\/\/istex.is\/wp-content\/uploads\/2020\/03\/prjonar-EN.jpg\" class=\"attachment-full size-full wp-image-6193\" alt=\"\" srcset=\"https:\/\/istex.is\/wp-content\/uploads\/2020\/03\/prjonar-EN.jpg 528w, https:\/\/istex.is\/wp-content\/uploads\/2020\/03\/prjonar-EN-297x300.jpg 297w, https:\/\/istex.is\/wp-content\/uploads\/2020\/03\/prjonar-EN-150x150.jpg 150w, https:\/\/istex.is\/wp-content\/uploads\/2020\/03\/prjonar-EN-100x100.jpg 100w, https:\/\/istex.is\/wp-content\/uploads\/2020\/03\/prjonar-EN-64x65.jpg 64w\" sizes=\"(max-width: 528px) 100vw, 528px\" \/>\t\t\t\t\t\t\t\t\t\t\t\t\t\t\t<\/div>\n\t\t\t\t<\/div>\n\t\t\t\t\t<\/div>\n\t\t<\/div>\n\t\t\t\t<div class=\"elementor-column elementor-col-50 elementor-top-column elementor-element elementor-element-0fa73cc\" data-id=\"0fa73cc\" data-element_type=\"column\" data-settings=\"{&quot;background_background&quot;:&quot;classic&quot;}\">\n\t\t\t<div class=\"elementor-widget-wrap elementor-element-populated\">\n\t\t\t\t\t\t<div class=\"elementor-element elementor-element-31c9342 elementor-widget elementor-widget-heading\" data-id=\"31c9342\" data-element_type=\"widget\" data-widget_type=\"heading.default\">\n\t\t\t\t<div class=\"elementor-widget-container\">\n\t\t\t\t\t<h1 class=\"elementor-heading-title elementor-size-default\">Knitting needles and crochet hooks<\/h1>\t\t\t\t<\/div>\n\t\t\t\t<\/div>\n\t\t\t\t<div class=\"elementor-element elementor-element-337aee1 elementor-widget elementor-widget-breadcrumbs\" data-id=\"337aee1\" data-element_type=\"widget\" data-widget_type=\"breadcrumbs.default\">\n\t\t\t\t<div class=\"elementor-widget-container\">\n\t\t\t\t\t<div id=\"breadcrumbs\"><span><span><a href=\"https:\/\/istex.is\/en\/\">Home<\/a><\/span><\/span><\/div>\t\t\t\t<\/div>\n\t\t\t\t<\/div>\n\t\t\t\t<div class=\"elementor-element elementor-element-1308b42 elementor-widget elementor-widget-text-editor\" data-id=\"1308b42\" data-element_type=\"widget\" data-widget_type=\"text-editor.default\">\n\t\t\t\t<div class=\"elementor-widget-container\">\n\t\t\t\t\t\t\t\t\t<p>\u00cdstex offers knitting needles and crochet hooks from Pony. They are colorful and have enjoyed great popularity. Each size has its own color. It can be helpful to find the right size, for example 6 mm knitting needles are blue.<\/p>\n<p>The Pony knitting needles come 5 in a pack<br><strong>Double pointed: <\/strong>2,5 mm \u2013 12 mm<br><strong>Circular:<\/strong>&nbsp; &nbsp; &nbsp; &nbsp; &nbsp; &nbsp; &nbsp; 40, 60 and 80 cm in sizes 2,5 mm \u2013 12 mm<\/p>\n<p>The crochet hooks come 5 in a pack, the set come 1 in a pack<br><strong>Crochet hooks:<\/strong>&nbsp; &nbsp; &nbsp; &nbsp; &nbsp; &nbsp; &nbsp; &nbsp; &nbsp; 3,0 mm \u2013 8,0 mm<br><strong>Crochet hooks set:&nbsp;<\/strong> &nbsp; &nbsp; &nbsp; &nbsp; &nbsp;2,5 mm \u2013 6,0 mm aluminum<br><strong>Crochet hooks set:&nbsp; &nbsp; &nbsp; &nbsp;<\/strong>&nbsp; &nbsp; 2,0 mm \u2013 6,0 mm with rubber handle<\/p>\t\t\t\t\t\t\t\t<\/div>\n\t\t\t\t<\/div>\n\t\t\t\t\t<\/div>\n\t\t<\/div>\n\t\t\t\t\t<\/div>\n\t\t<\/section>\n\t\t\t\t<section class=\"elementor-section elementor-top-section elementor-element elementor-element-61ca398 elementor-section-boxed elementor-section-height-default elementor-section-height-default\" data-id=\"61ca398\" data-element_type=\"section\">\n\t\t\t\t\t\t<div class=\"elementor-container elementor-column-gap-no\">\n\t\t\t\t\t<div class=\"elementor-column elementor-col-50 elementor-top-column elementor-element elementor-element-2f601f4\" data-id=\"2f601f4\" data-element_type=\"column\" data-settings=\"{&quot;background_background&quot;:&quot;classic&quot;}\">\n\t\t\t<div class=\"elementor-widget-wrap elementor-element-populated\">\n\t\t\t\t\t\t<div class=\"elementor-element elementor-element-34d569f elementor-widget elementor-widget-heading\" data-id=\"34d569f\" data-element_type=\"widget\" data-widget_type=\"heading.default\">\n\t\t\t\t<div class=\"elementor-widget-container\">\n\t\t\t\t\t<h1 class=\"elementor-heading-title elementor-size-default\">Buttons<\/h1>\t\t\t\t<\/div>\n\t\t\t\t<\/div>\n\t\t\t\t<div class=\"elementor-element elementor-element-afec616 elementor-widget elementor-widget-breadcrumbs\" data-id=\"afec616\" data-element_type=\"widget\" data-widget_type=\"breadcrumbs.default\">\n\t\t\t\t<div class=\"elementor-widget-container\">\n\t\t\t\t\t<div id=\"breadcrumbs\"><span><span><a href=\"https:\/\/istex.is\/en\/\">Home<\/a><\/span><\/span><\/div>\t\t\t\t<\/div>\n\t\t\t\t<\/div>\n\t\t\t\t<div class=\"elementor-element elementor-element-f8170cc elementor-widget elementor-widget-text-editor\" data-id=\"f8170cc\" data-element_type=\"widget\" data-widget_type=\"text-editor.default\">\n\t\t\t\t<div class=\"elementor-widget-container\">\n\t\t\t\t\t\t\t\t\t<p>\u00a0<\/p><p>Pack of 100 buttons<\/p><p><span style=\"font-weight: bolder;\">Sizes:<\/span>\u00a0 \u00a0 \u00a0 \u00a0 \u00a0 18 mm and 20 mm<\/p><p>\u00a0<\/p>\t\t\t\t\t\t\t\t<\/div>\n\t\t\t\t<\/div>\n\t\t\t\t\t<\/div>\n\t\t<\/div>\n\t\t\t\t<div class=\"elementor-column elementor-col-50 elementor-top-column elementor-element elementor-element-7d1e79e\" data-id=\"7d1e79e\" data-element_type=\"column\">\n\t\t\t<div class=\"elementor-widget-wrap elementor-element-populated\">\n\t\t\t\t\t\t<div class=\"elementor-element elementor-element-f809a6f elementor-widget elementor-widget-image\" data-id=\"f809a6f\" data-element_type=\"widget\" data-widget_type=\"image.default\">\n\t\t\t\t<div class=\"elementor-widget-container\">\n\t\t\t\t\t\t\t\t\t\t\t\t\t\t\t<img decoding=\"async\" width=\"1920\" height=\"1193\" src=\"https:\/\/istex.is\/wp-content\/uploads\/2020\/03\/t\u00f6lur-prufa.jpg\" class=\"attachment-full size-full wp-image-4023\" alt=\"\" srcset=\"https:\/\/istex.is\/wp-content\/uploads\/2020\/03\/t\u00f6lur-prufa.jpg 1920w, https:\/\/istex.is\/wp-content\/uploads\/2020\/03\/t\u00f6lur-prufa-600x373.jpg 600w, https:\/\/istex.is\/wp-content\/uploads\/2020\/03\/t\u00f6lur-prufa-64x40.jpg 64w, https:\/\/istex.is\/wp-content\/uploads\/2020\/03\/t\u00f6lur-prufa-300x186.jpg 300w, https:\/\/istex.is\/wp-content\/uploads\/2020\/03\/t\u00f6lur-prufa-1024x636.jpg 1024w, https:\/\/istex.is\/wp-content\/uploads\/2020\/03\/t\u00f6lur-prufa-768x477.jpg 768w, https:\/\/istex.is\/wp-content\/uploads\/2020\/03\/t\u00f6lur-prufa-1536x954.jpg 1536w, https:\/\/istex.is\/wp-content\/uploads\/2020\/03\/t\u00f6lur-prufa-2048x1273.jpg 2048w\" sizes=\"(max-width: 1920px) 100vw, 1920px\" \/>\t\t\t\t\t\t\t\t\t\t\t\t\t\t\t<\/div>\n\t\t\t\t<\/div>\n\t\t\t\t\t<\/div>\n\t\t<\/div>\n\t\t\t\t\t<\/div>\n\t\t<\/section>\n\t\t\t\t<section class=\"elementor-section elementor-top-section elementor-element elementor-element-fb2a179 elementor-section-boxed elementor-section-height-default elementor-section-height-default\" data-id=\"fb2a179\" data-element_type=\"section\">\n\t\t\t\t\t\t<div class=\"elementor-container elementor-column-gap-no\">\n\t\t\t\t\t<div class=\"elementor-column elementor-col-50 elementor-top-column elementor-element elementor-element-daab501\" data-id=\"daab501\" data-element_type=\"column\">\n\t\t\t<div class=\"elementor-widget-wrap\">\n\t\t\t\t\t\t\t<\/div>\n\t\t<\/div>\n\t\t\t\t<div class=\"elementor-column elementor-col-50 elementor-top-column elementor-element elementor-element-e5dfa45\" data-id=\"e5dfa45\" data-element_type=\"column\">\n\t\t\t<div class=\"elementor-widget-wrap\">\n\t\t\t\t\t\t\t<\/div>\n\t\t<\/div>\n\t\t\t\t\t<\/div>\n\t\t<\/section>\n\t\t\t\t<section class=\"elementor-section elementor-top-section elementor-element elementor-element-175c1c0 elementor-section-boxed elementor-section-height-default elementor-section-height-default\" data-id=\"175c1c0\" data-element_type=\"section\">\n\t\t\t\t\t\t<div class=\"elementor-container elementor-column-gap-no\">\n\t\t\t\t\t<div class=\"elementor-column elementor-col-50 elementor-top-column elementor-element elementor-element-75242de\" data-id=\"75242de\" data-element_type=\"column\">\n\t\t\t<div class=\"elementor-widget-wrap\">\n\t\t\t\t\t\t\t<\/div>\n\t\t<\/div>\n\t\t\t\t<div class=\"elementor-column elementor-col-50 elementor-top-column elementor-element elementor-element-caacf74\" data-id=\"caacf74\" data-element_type=\"column\">\n\t\t\t<div class=\"elementor-widget-wrap\">\n\t\t\t\t\t\t\t<\/div>\n\t\t<\/div>\n\t\t\t\t\t<\/div>\n\t\t<\/section>\n\t\t\t\t<\/div>\n\t\t","protected":false},"excerpt":{"rendered":"<p>Knitting needles and crochet hooks \u00cdstex offers knitting needles and crochet hooks from Pony. They are colorful and have enjoyed great popularity. Each size has its own color. It can be helpful to find the right size, for example 6 mm knitting needles are blue. The Pony knitting needles come 5 in a pack Double [&hellip;]<\/p>\n","protected":false},"author":36,"featured_media":0,"parent":4272,"menu_order":0,"comment_status":"closed","ping_status":"closed","template":"","meta":{"_acf_changed":false,"_monsterinsights_skip_tracking":false,"_monsterinsights_sitenote_active":false,"_monsterinsights_sitenote_note":"","_monsterinsights_sitenote_category":0,"footnotes":""},"class_list":["post-5880","page","type-page","status-publish","hentry"],"acf":[],"yoast_head":"<!-- This site is optimized with the Yoast SEO plugin v24.9 - https:\/\/yoast.com\/wordpress\/plugins\/seo\/ -->\n<title>Knitting needles, crochet hooks and buttons - \u00cdstex<\/title>\n<meta name=\"description\" content=\"\u00cdstex offers knitting needles and crochet hooks from Pony. They are colorful and have enjoyed great popularity. Each size has its own color. It can be helpful to find the right size, for example 6 mm knitting needles are blue.\" \/>\n<meta name=\"robots\" content=\"index, follow, max-snippet:-1, max-image-preview:large, max-video-preview:-1\" \/>\n<link rel=\"canonical\" href=\"https:\/\/istex.is\/en\/other-products\/knitting-needles-and-crochet-hooks\/\" \/>\n<meta property=\"og:locale\" content=\"en_US\" \/>\n<meta property=\"og:type\" content=\"article\" \/>\n<meta property=\"og:title\" content=\"Knitting needles, crochet hooks and buttons - \u00cdstex\" \/>\n<meta property=\"og:description\" content=\"\u00cdstex offers knitting needles and crochet hooks from Pony. They are colorful and have enjoyed great popularity. Each size has its own color. It can be helpful to find the right size, for example 6 mm knitting needles are blue.\" \/>\n<meta property=\"og:url\" content=\"https:\/\/istex.is\/en\/other-products\/knitting-needles-and-crochet-hooks\/\" \/>\n<meta property=\"og:site_name\" content=\"\u00cdstex\" \/>\n<meta property=\"article:publisher\" content=\"https:\/\/www.facebook.com\/istexlopi\" \/>\n<meta property=\"article:modified_time\" content=\"2025-02-12T14:00:54+00:00\" \/>\n<meta property=\"og:image\" content=\"https:\/\/istex.is\/wp-content\/uploads\/2020\/03\/prjonar-EN.jpg\" \/>\n<meta name=\"twitter:card\" content=\"summary_large_image\" \/>\n<meta name=\"twitter:label1\" content=\"Est. reading time\" \/>\n\t<meta name=\"twitter:data1\" content=\"1 minute\" \/>\n<script type=\"application\/ld+json\" class=\"yoast-schema-graph\">{\"@context\":\"https:\/\/schema.org\",\"@graph\":[{\"@type\":\"WebPage\",\"@id\":\"https:\/\/istex.is\/en\/other-products\/knitting-needles-and-crochet-hooks\/\",\"url\":\"https:\/\/istex.is\/en\/other-products\/knitting-needles-and-crochet-hooks\/\",\"name\":\"Knitting needles, crochet hooks and buttons - \u00cdstex\",\"isPartOf\":{\"@id\":\"https:\/\/istex.is\/#website\"},\"primaryImageOfPage\":{\"@id\":\"https:\/\/istex.is\/en\/other-products\/knitting-needles-and-crochet-hooks\/#primaryimage\"},\"image\":{\"@id\":\"https:\/\/istex.is\/en\/other-products\/knitting-needles-and-crochet-hooks\/#primaryimage\"},\"thumbnailUrl\":\"https:\/\/istex.is\/wp-content\/uploads\/2020\/03\/prjonar-EN.jpg\",\"datePublished\":\"2020-03-24T14:44:18+00:00\",\"dateModified\":\"2025-02-12T14:00:54+00:00\",\"description\":\"\u00cdstex offers knitting needles and crochet hooks from Pony. They are colorful and have enjoyed great popularity. Each size has its own color. It can be helpful to find the right size, for example 6 mm knitting needles are blue.\",\"breadcrumb\":{\"@id\":\"https:\/\/istex.is\/en\/other-products\/knitting-needles-and-crochet-hooks\/#breadcrumb\"},\"inLanguage\":\"en-US\",\"potentialAction\":[{\"@type\":\"ReadAction\",\"target\":[\"https:\/\/istex.is\/en\/other-products\/knitting-needles-and-crochet-hooks\/\"]}]},{\"@type\":\"ImageObject\",\"inLanguage\":\"en-US\",\"@id\":\"https:\/\/istex.is\/en\/other-products\/knitting-needles-and-crochet-hooks\/#primaryimage\",\"url\":\"https:\/\/istex.is\/wp-content\/uploads\/2020\/03\/prjonar-EN.jpg\",\"contentUrl\":\"https:\/\/istex.is\/wp-content\/uploads\/2020\/03\/prjonar-EN.jpg\"},{\"@type\":\"BreadcrumbList\",\"@id\":\"https:\/\/istex.is\/en\/other-products\/knitting-needles-and-crochet-hooks\/#breadcrumb\",\"itemListElement\":[{\"@type\":\"ListItem\",\"position\":1,\"name\":\"Home\",\"item\":\"https:\/\/istex.is\/en\/\"},{\"@type\":\"ListItem\",\"position\":2,\"name\":\"Other products\",\"item\":\"https:\/\/istex.is\/adrar-vorur\/\"},{\"@type\":\"ListItem\",\"position\":3,\"name\":\"Knitting needles, crochet hooks and buttons\"}]},{\"@type\":\"WebSite\",\"@id\":\"https:\/\/istex.is\/#website\",\"url\":\"https:\/\/istex.is\/\",\"name\":\"\u00cdstex\",\"description\":\"\u00cdslenskur text\u00edli\u00f0na\u00f0ur\",\"publisher\":{\"@id\":\"https:\/\/istex.is\/#organization\"},\"potentialAction\":[{\"@type\":\"SearchAction\",\"target\":{\"@type\":\"EntryPoint\",\"urlTemplate\":\"https:\/\/istex.is\/?s={search_term_string}\"},\"query-input\":{\"@type\":\"PropertyValueSpecification\",\"valueRequired\":true,\"valueName\":\"search_term_string\"}}],\"inLanguage\":\"en-US\"},{\"@type\":\"Organization\",\"@id\":\"https:\/\/istex.is\/#organization\",\"name\":\"\u00cdstex\",\"url\":\"https:\/\/istex.is\/\",\"logo\":{\"@type\":\"ImageObject\",\"inLanguage\":\"en-US\",\"@id\":\"https:\/\/istex.is\/#\/schema\/logo\/image\/\",\"url\":\"https:\/\/istex.is\/wp-content\/uploads\/2019\/06\/Istex-logo-vector-01.svg\",\"contentUrl\":\"https:\/\/istex.is\/wp-content\/uploads\/2019\/06\/Istex-logo-vector-01.svg\",\"caption\":\"\u00cdstex\"},\"image\":{\"@id\":\"https:\/\/istex.is\/#\/schema\/logo\/image\/\"},\"sameAs\":[\"https:\/\/www.facebook.com\/istexlopi\"]}]}<\/script>\n<!-- \/ Yoast SEO plugin. -->","yoast_head_json":{"title":"Knitting needles, crochet hooks and buttons - \u00cdstex","description":"\u00cdstex offers knitting needles and crochet hooks from Pony. They are colorful and have enjoyed great popularity. Each size has its own color. It can be helpful to find the right size, for example 6 mm knitting needles are blue.","robots":{"index":"index","follow":"follow","max-snippet":"max-snippet:-1","max-image-preview":"max-image-preview:large","max-video-preview":"max-video-preview:-1"},"canonical":"https:\/\/istex.is\/en\/other-products\/knitting-needles-and-crochet-hooks\/","og_locale":"en_US","og_type":"article","og_title":"Knitting needles, crochet hooks and buttons - \u00cdstex","og_description":"\u00cdstex offers knitting needles and crochet hooks from Pony. They are colorful and have enjoyed great popularity. Each size has its own color. It can be helpful to find the right size, for example 6 mm knitting needles are blue.","og_url":"https:\/\/istex.is\/en\/other-products\/knitting-needles-and-crochet-hooks\/","og_site_name":"\u00cdstex","article_publisher":"https:\/\/www.facebook.com\/istexlopi","article_modified_time":"2025-02-12T14:00:54+00:00","og_image":[{"url":"https:\/\/istex.is\/wp-content\/uploads\/2020\/03\/prjonar-EN.jpg","type":"","width":"","height":""}],"twitter_card":"summary_large_image","twitter_misc":{"Est. reading time":"1 minute"},"schema":{"@context":"https:\/\/schema.org","@graph":[{"@type":"WebPage","@id":"https:\/\/istex.is\/en\/other-products\/knitting-needles-and-crochet-hooks\/","url":"https:\/\/istex.is\/en\/other-products\/knitting-needles-and-crochet-hooks\/","name":"Knitting needles, crochet hooks and buttons - \u00cdstex","isPartOf":{"@id":"https:\/\/istex.is\/#website"},"primaryImageOfPage":{"@id":"https:\/\/istex.is\/en\/other-products\/knitting-needles-and-crochet-hooks\/#primaryimage"},"image":{"@id":"https:\/\/istex.is\/en\/other-products\/knitting-needles-and-crochet-hooks\/#primaryimage"},"thumbnailUrl":"https:\/\/istex.is\/wp-content\/uploads\/2020\/03\/prjonar-EN.jpg","datePublished":"2020-03-24T14:44:18+00:00","dateModified":"2025-02-12T14:00:54+00:00","description":"\u00cdstex offers knitting needles and crochet hooks from Pony. They are colorful and have enjoyed great popularity. Each size has its own color. It can be helpful to find the right size, for example 6 mm knitting needles are blue.","breadcrumb":{"@id":"https:\/\/istex.is\/en\/other-products\/knitting-needles-and-crochet-hooks\/#breadcrumb"},"inLanguage":"en-US","potentialAction":[{"@type":"ReadAction","target":["https:\/\/istex.is\/en\/other-products\/knitting-needles-and-crochet-hooks\/"]}]},{"@type":"ImageObject","inLanguage":"en-US","@id":"https:\/\/istex.is\/en\/other-products\/knitting-needles-and-crochet-hooks\/#primaryimage","url":"https:\/\/istex.is\/wp-content\/uploads\/2020\/03\/prjonar-EN.jpg","contentUrl":"https:\/\/istex.is\/wp-content\/uploads\/2020\/03\/prjonar-EN.jpg"},{"@type":"BreadcrumbList","@id":"https:\/\/istex.is\/en\/other-products\/knitting-needles-and-crochet-hooks\/#breadcrumb","itemListElement":[{"@type":"ListItem","position":1,"name":"Home","item":"https:\/\/istex.is\/en\/"},{"@type":"ListItem","position":2,"name":"Other products","item":"https:\/\/istex.is\/adrar-vorur\/"},{"@type":"ListItem","position":3,"name":"Knitting needles, crochet hooks and buttons"}]},{"@type":"WebSite","@id":"https:\/\/istex.is\/#website","url":"https:\/\/istex.is\/","name":"\u00cdstex","description":"\u00cdslenskur text\u00edli\u00f0na\u00f0ur","publisher":{"@id":"https:\/\/istex.is\/#organization"},"potentialAction":[{"@type":"SearchAction","target":{"@type":"EntryPoint","urlTemplate":"https:\/\/istex.is\/?s={search_term_string}"},"query-input":{"@type":"PropertyValueSpecification","valueRequired":true,"valueName":"search_term_string"}}],"inLanguage":"en-US"},{"@type":"Organization","@id":"https:\/\/istex.is\/#organization","name":"\u00cdstex","url":"https:\/\/istex.is\/","logo":{"@type":"ImageObject","inLanguage":"en-US","@id":"https:\/\/istex.is\/#\/schema\/logo\/image\/","url":"https:\/\/istex.is\/wp-content\/uploads\/2019\/06\/Istex-logo-vector-01.svg","contentUrl":"https:\/\/istex.is\/wp-content\/uploads\/2019\/06\/Istex-logo-vector-01.svg","caption":"\u00cdstex"},"image":{"@id":"https:\/\/istex.is\/#\/schema\/logo\/image\/"},"sameAs":["https:\/\/www.facebook.com\/istexlopi"]}]}},"_links":{"self":[{"href":"https:\/\/istex.is\/en\/wp-json\/wp\/v2\/pages\/5880","targetHints":{"allow":["GET"]}}],"collection":[{"href":"https:\/\/istex.is\/en\/wp-json\/wp\/v2\/pages"}],"about":[{"href":"https:\/\/istex.is\/en\/wp-json\/wp\/v2\/types\/page"}],"author":[{"embeddable":true,"href":"https:\/\/istex.is\/en\/wp-json\/wp\/v2\/users\/36"}],"replies":[{"embeddable":true,"href":"https:\/\/istex.is\/en\/wp-json\/wp\/v2\/comments?post=5880"}],"version-history":[{"count":4,"href":"https:\/\/istex.is\/en\/wp-json\/wp\/v2\/pages\/5880\/revisions"}],"predecessor-version":[{"id":10087,"href":"https:\/\/istex.is\/en\/wp-json\/wp\/v2\/pages\/5880\/revisions\/10087"}],"up":[{"embeddable":true,"href":"https:\/\/istex.is\/en\/wp-json\/wp\/v2\/pages\/4272"}],"wp:attachment":[{"href":"https:\/\/istex.is\/en\/wp-json\/wp\/v2\/media?parent=5880"}],"curies":[{"name":"wp","href":"https:\/\/api.w.org\/{rel}","templated":true}]}}