{"id":5869,"date":"2020-03-24T14:05:08","date_gmt":"2020-03-24T14:05:08","guid":{"rendered":"https:\/\/istex.is\/?page_id=5869"},"modified":"2025-02-12T14:01:22","modified_gmt":"2025-02-12T14:01:22","slug":"spuni","status":"publish","type":"page","link":"https:\/\/istex.is\/en\/other-products\/spuni\/","title":{"rendered":"Spuni"},"content":{"rendered":"\t\t<div data-elementor-type=\"wp-post\" data-elementor-id=\"5869\" class=\"elementor elementor-5869 elementor-141\" data-elementor-post-type=\"page\">\n\t\t\t\t\t\t<section class=\"elementor-section elementor-top-section elementor-element elementor-element-ca54018 elementor-section-boxed elementor-section-height-default elementor-section-height-default\" data-id=\"ca54018\" data-element_type=\"section\" data-settings=\"{&quot;background_background&quot;:&quot;classic&quot;}\">\n\t\t\t\t\t\t<div class=\"elementor-container elementor-column-gap-no\">\n\t\t\t\t\t<div class=\"elementor-column elementor-col-50 elementor-top-column elementor-element elementor-element-a1533fe\" data-id=\"a1533fe\" data-element_type=\"column\">\n\t\t\t<div class=\"elementor-widget-wrap elementor-element-populated\">\n\t\t\t\t\t\t<div class=\"elementor-element elementor-element-b52fbdb elementor--h-position-center elementor--v-position-middle elementor-arrows-position-inside elementor-pagination-position-inside elementor-widget elementor-widget-slides\" data-id=\"b52fbdb\" data-element_type=\"widget\" data-settings=\"{&quot;transition&quot;:&quot;fade&quot;,&quot;navigation&quot;:&quot;both&quot;,&quot;transition_speed&quot;:500}\" data-widget_type=\"slides.default\">\n\t\t\t\t<div class=\"elementor-widget-container\">\n\t\t\t\t\t\t\t\t\t<div class=\"elementor-swiper\">\n\t\t\t\t\t<div class=\"elementor-slides-wrapper elementor-main-swiper swiper\" role=\"region\" aria-roledescription=\"carousel\" aria-label=\"Slides\" dir=\"ltr\" data-animation=\"fadeInUp\">\n\t\t\t\t<div class=\"swiper-wrapper elementor-slides\">\n\t\t\t\t\t\t\t\t\t\t<div class=\"elementor-repeater-item-4eaafa6 swiper-slide\" role=\"group\" aria-roledescription=\"slide\"><div class=\"swiper-slide-bg\" role=\"img\"><\/div><div class=\"swiper-slide-inner\" ><div class=\"swiper-slide-contents\"><\/div><\/div><\/div>\t\t\t\t<\/div>\n\t\t\t\t\t\t\t<\/div>\n\t\t\t\t<\/div>\n\t\t\t\t\t\t\t\t<\/div>\n\t\t\t\t<\/div>\n\t\t\t\t\t<\/div>\n\t\t<\/div>\n\t\t\t\t<div class=\"elementor-column elementor-col-50 elementor-top-column elementor-element elementor-element-eaf905f\" data-id=\"eaf905f\" data-element_type=\"column\" data-settings=\"{&quot;background_background&quot;:&quot;classic&quot;}\">\n\t\t\t<div class=\"elementor-widget-wrap elementor-element-populated\">\n\t\t\t\t\t\t<div class=\"elementor-element elementor-element-1528f10 elementor-widget elementor-widget-breadcrumbs\" data-id=\"1528f10\" data-element_type=\"widget\" data-widget_type=\"breadcrumbs.default\">\n\t\t\t\t<div class=\"elementor-widget-container\">\n\t\t\t\t\t<div id=\"breadcrumbs\"><span><span><a href=\"https:\/\/istex.is\/en\/\">Home<\/a><\/span><\/span><\/div>\t\t\t\t<\/div>\n\t\t\t\t<\/div>\n\t\t\t\t<div class=\"elementor-element elementor-element-4883bf3 elementor-widget elementor-widget-text-editor\" data-id=\"4883bf3\" data-element_type=\"widget\" data-widget_type=\"text-editor.default\">\n\t\t\t\t<div class=\"elementor-widget-container\">\n\t\t\t\t\t\t\t\t\t<p><strong>Material<\/strong>:&nbsp; &nbsp; &nbsp; &nbsp; &nbsp; &nbsp; &nbsp; &nbsp; &nbsp; &nbsp; &nbsp; &nbsp; &nbsp; &nbsp; &nbsp; &nbsp; &nbsp; &nbsp;100% Merino wool, washable<br><strong>Ball<\/strong>:&nbsp; &nbsp; &nbsp; &nbsp; &nbsp; &nbsp; &nbsp; &nbsp; &nbsp; &nbsp; &nbsp; &nbsp; &nbsp; &nbsp; &nbsp; &nbsp; &nbsp; &nbsp; &nbsp; &nbsp; &nbsp; &nbsp;100 g ~ 190 m<br><strong>Suggested needle sizes<\/strong>:&nbsp; &nbsp; &nbsp; &nbsp;4-5 mm<br><strong>Gauge 10\u00d710 cm<\/strong>:&nbsp; &nbsp; &nbsp; &nbsp; &nbsp; &nbsp; &nbsp; &nbsp; &nbsp; &nbsp;18 stitches and 24 rows<\/p>\n<p>Spuni is a superwash merino wool yarn. Soft, warm, durable and washable it is ideal for people of all ages. Spuni is of similar thickness as L\u00e9ttlopi and can be used with L\u00e9ttlopi patterns.<\/p>\n<p>The wool used is sourced from farms that do not allow the practice of mulesing sheep.&nbsp;<\/p>\t\t\t\t\t\t\t\t<\/div>\n\t\t\t\t<\/div>\n\t\t\t\t\t<\/div>\n\t\t<\/div>\n\t\t\t\t\t<\/div>\n\t\t<\/section>\n\t\t\t\t<section class=\"elementor-section elementor-top-section elementor-element elementor-element-3c8628f elementor-section-boxed elementor-section-height-default elementor-section-height-default\" data-id=\"3c8628f\" data-element_type=\"section\">\n\t\t\t\t\t\t<div class=\"elementor-container elementor-column-gap-default\">\n\t\t\t\t\t<div class=\"elementor-column elementor-col-100 elementor-top-column elementor-element elementor-element-d55c55c\" data-id=\"d55c55c\" data-element_type=\"column\">\n\t\t\t<div class=\"elementor-widget-wrap elementor-element-populated\">\n\t\t\t\t\t\t<div class=\"elementor-element elementor-element-412eeb5 elementor-widget elementor-widget-spacer\" data-id=\"412eeb5\" data-element_type=\"widget\" data-widget_type=\"spacer.default\">\n\t\t\t\t<div class=\"elementor-widget-container\">\n\t\t\t\t\t\t\t<div class=\"elementor-spacer\">\n\t\t\t<div class=\"elementor-spacer-inner\"><\/div>\n\t\t<\/div>\n\t\t\t\t\t\t<\/div>\n\t\t\t\t<\/div>\n\t\t\t\t\t<\/div>\n\t\t<\/div>\n\t\t\t\t\t<\/div>\n\t\t<\/section>\n\t\t\t\t<section class=\"elementor-section elementor-top-section elementor-element elementor-element-305761f elementor-section-boxed elementor-section-height-default elementor-section-height-default\" data-id=\"305761f\" data-element_type=\"section\">\n\t\t\t\t\t\t<div class=\"elementor-container elementor-column-gap-no\">\n\t\t\t\t\t<div class=\"elementor-column elementor-col-100 elementor-top-column elementor-element elementor-element-b281e41\" data-id=\"b281e41\" data-element_type=\"column\">\n\t\t\t<div class=\"elementor-widget-wrap elementor-element-populated\">\n\t\t\t\t\t\t\t<\/div>\n\t\t<\/div>\n\t\t\t\t\t<\/div>\n\t\t<\/section>\n\t\t\t\t<\/div>\n\t\t","protected":false},"excerpt":{"rendered":"<p>Material:\u00a0 \u00a0 \u00a0 \u00a0 \u00a0 \u00a0 \u00a0 \u00a0 \u00a0 \u00a0 \u00a0 \u00a0 \u00a0 \u00a0 \u00a0 \u00a0 \u00a0 \u00a0100% Merino wool, washable Ball:\u00a0 \u00a0 \u00a0 \u00a0 \u00a0 \u00a0 \u00a0 \u00a0 \u00a0 \u00a0 \u00a0 \u00a0 \u00a0 \u00a0 \u00a0 \u00a0 \u00a0 \u00a0 \u00a0 \u00a0 \u00a0 \u00a0100 g ~ 190 m Suggested needle sizes:\u00a0 \u00a0 \u00a0 \u00a04-5 mm Gauge [&hellip;]<\/p>\n","protected":false},"author":36,"featured_media":0,"parent":4272,"menu_order":0,"comment_status":"closed","ping_status":"closed","template":"","meta":{"_acf_changed":false,"_monsterinsights_skip_tracking":false,"_monsterinsights_sitenote_active":false,"_monsterinsights_sitenote_note":"","_monsterinsights_sitenote_category":0,"footnotes":""},"class_list":["post-5869","page","type-page","status-publish","hentry"],"acf":[],"yoast_head":"<!-- This site is optimized with the Yoast SEO plugin v24.9 - https:\/\/yoast.com\/wordpress\/plugins\/seo\/ -->\n<title>Spuni - \u00cdstex<\/title>\n<meta name=\"description\" content=\"Spuni is a superwash merino wool yarn. Soft, warm, durable and washable it is ideal for people of all ages. Spuni is of similar thickness as L\u00e9ttlopi and can be used with L\u00e9ttlopi patterns.\" \/>\n<meta name=\"robots\" content=\"index, follow, max-snippet:-1, max-image-preview:large, max-video-preview:-1\" \/>\n<link rel=\"canonical\" href=\"https:\/\/istex.is\/en\/other-products\/spuni\/\" \/>\n<meta property=\"og:locale\" content=\"en_US\" \/>\n<meta property=\"og:type\" content=\"article\" \/>\n<meta property=\"og:title\" content=\"Spuni - \u00cdstex\" \/>\n<meta property=\"og:description\" content=\"Spuni is a superwash merino wool yarn. Soft, warm, durable and washable it is ideal for people of all ages. Spuni is of similar thickness as L\u00e9ttlopi and can be used with L\u00e9ttlopi patterns.\" \/>\n<meta property=\"og:url\" content=\"https:\/\/istex.is\/en\/other-products\/spuni\/\" \/>\n<meta property=\"og:site_name\" content=\"\u00cdstex\" \/>\n<meta property=\"article:publisher\" content=\"https:\/\/www.facebook.com\/istexlopi\" \/>\n<meta property=\"article:modified_time\" content=\"2025-02-12T14:01:22+00:00\" \/>\n<meta name=\"twitter:card\" content=\"summary_large_image\" \/>\n<meta name=\"twitter:label1\" content=\"Est. reading time\" \/>\n\t<meta name=\"twitter:data1\" content=\"1 minute\" \/>\n<script type=\"application\/ld+json\" class=\"yoast-schema-graph\">{\"@context\":\"https:\/\/schema.org\",\"@graph\":[{\"@type\":\"WebPage\",\"@id\":\"https:\/\/istex.is\/en\/other-products\/spuni\/\",\"url\":\"https:\/\/istex.is\/en\/other-products\/spuni\/\",\"name\":\"Spuni - \u00cdstex\",\"isPartOf\":{\"@id\":\"https:\/\/istex.is\/#website\"},\"datePublished\":\"2020-03-24T14:05:08+00:00\",\"dateModified\":\"2025-02-12T14:01:22+00:00\",\"description\":\"Spuni is a superwash merino wool yarn. Soft, warm, durable and washable it is ideal for people of all ages. Spuni is of similar thickness as L\u00e9ttlopi and can be used with L\u00e9ttlopi patterns.\",\"breadcrumb\":{\"@id\":\"https:\/\/istex.is\/en\/other-products\/spuni\/#breadcrumb\"},\"inLanguage\":\"en-US\",\"potentialAction\":[{\"@type\":\"ReadAction\",\"target\":[\"https:\/\/istex.is\/en\/other-products\/spuni\/\"]}]},{\"@type\":\"BreadcrumbList\",\"@id\":\"https:\/\/istex.is\/en\/other-products\/spuni\/#breadcrumb\",\"itemListElement\":[{\"@type\":\"ListItem\",\"position\":1,\"name\":\"Home\",\"item\":\"https:\/\/istex.is\/en\/\"},{\"@type\":\"ListItem\",\"position\":2,\"name\":\"Other products\",\"item\":\"https:\/\/istex.is\/adrar-vorur\/\"},{\"@type\":\"ListItem\",\"position\":3,\"name\":\"Spuni\"}]},{\"@type\":\"WebSite\",\"@id\":\"https:\/\/istex.is\/#website\",\"url\":\"https:\/\/istex.is\/\",\"name\":\"\u00cdstex\",\"description\":\"\u00cdslenskur text\u00edli\u00f0na\u00f0ur\",\"publisher\":{\"@id\":\"https:\/\/istex.is\/#organization\"},\"potentialAction\":[{\"@type\":\"SearchAction\",\"target\":{\"@type\":\"EntryPoint\",\"urlTemplate\":\"https:\/\/istex.is\/?s={search_term_string}\"},\"query-input\":{\"@type\":\"PropertyValueSpecification\",\"valueRequired\":true,\"valueName\":\"search_term_string\"}}],\"inLanguage\":\"en-US\"},{\"@type\":\"Organization\",\"@id\":\"https:\/\/istex.is\/#organization\",\"name\":\"\u00cdstex\",\"url\":\"https:\/\/istex.is\/\",\"logo\":{\"@type\":\"ImageObject\",\"inLanguage\":\"en-US\",\"@id\":\"https:\/\/istex.is\/#\/schema\/logo\/image\/\",\"url\":\"https:\/\/istex.is\/wp-content\/uploads\/2019\/06\/Istex-logo-vector-01.svg\",\"contentUrl\":\"https:\/\/istex.is\/wp-content\/uploads\/2019\/06\/Istex-logo-vector-01.svg\",\"caption\":\"\u00cdstex\"},\"image\":{\"@id\":\"https:\/\/istex.is\/#\/schema\/logo\/image\/\"},\"sameAs\":[\"https:\/\/www.facebook.com\/istexlopi\"]}]}<\/script>\n<!-- \/ Yoast SEO plugin. -->","yoast_head_json":{"title":"Spuni - \u00cdstex","description":"Spuni is a superwash merino wool yarn. Soft, warm, durable and washable it is ideal for people of all ages. Spuni is of similar thickness as L\u00e9ttlopi and can be used with L\u00e9ttlopi patterns.","robots":{"index":"index","follow":"follow","max-snippet":"max-snippet:-1","max-image-preview":"max-image-preview:large","max-video-preview":"max-video-preview:-1"},"canonical":"https:\/\/istex.is\/en\/other-products\/spuni\/","og_locale":"en_US","og_type":"article","og_title":"Spuni - \u00cdstex","og_description":"Spuni is a superwash merino wool yarn. Soft, warm, durable and washable it is ideal for people of all ages. Spuni is of similar thickness as L\u00e9ttlopi and can be used with L\u00e9ttlopi patterns.","og_url":"https:\/\/istex.is\/en\/other-products\/spuni\/","og_site_name":"\u00cdstex","article_publisher":"https:\/\/www.facebook.com\/istexlopi","article_modified_time":"2025-02-12T14:01:22+00:00","twitter_card":"summary_large_image","twitter_misc":{"Est. reading time":"1 minute"},"schema":{"@context":"https:\/\/schema.org","@graph":[{"@type":"WebPage","@id":"https:\/\/istex.is\/en\/other-products\/spuni\/","url":"https:\/\/istex.is\/en\/other-products\/spuni\/","name":"Spuni - \u00cdstex","isPartOf":{"@id":"https:\/\/istex.is\/#website"},"datePublished":"2020-03-24T14:05:08+00:00","dateModified":"2025-02-12T14:01:22+00:00","description":"Spuni is a superwash merino wool yarn. Soft, warm, durable and washable it is ideal for people of all ages. Spuni is of similar thickness as L\u00e9ttlopi and can be used with L\u00e9ttlopi patterns.","breadcrumb":{"@id":"https:\/\/istex.is\/en\/other-products\/spuni\/#breadcrumb"},"inLanguage":"en-US","potentialAction":[{"@type":"ReadAction","target":["https:\/\/istex.is\/en\/other-products\/spuni\/"]}]},{"@type":"BreadcrumbList","@id":"https:\/\/istex.is\/en\/other-products\/spuni\/#breadcrumb","itemListElement":[{"@type":"ListItem","position":1,"name":"Home","item":"https:\/\/istex.is\/en\/"},{"@type":"ListItem","position":2,"name":"Other products","item":"https:\/\/istex.is\/adrar-vorur\/"},{"@type":"ListItem","position":3,"name":"Spuni"}]},{"@type":"WebSite","@id":"https:\/\/istex.is\/#website","url":"https:\/\/istex.is\/","name":"\u00cdstex","description":"\u00cdslenskur text\u00edli\u00f0na\u00f0ur","publisher":{"@id":"https:\/\/istex.is\/#organization"},"potentialAction":[{"@type":"SearchAction","target":{"@type":"EntryPoint","urlTemplate":"https:\/\/istex.is\/?s={search_term_string}"},"query-input":{"@type":"PropertyValueSpecification","valueRequired":true,"valueName":"search_term_string"}}],"inLanguage":"en-US"},{"@type":"Organization","@id":"https:\/\/istex.is\/#organization","name":"\u00cdstex","url":"https:\/\/istex.is\/","logo":{"@type":"ImageObject","inLanguage":"en-US","@id":"https:\/\/istex.is\/#\/schema\/logo\/image\/","url":"https:\/\/istex.is\/wp-content\/uploads\/2019\/06\/Istex-logo-vector-01.svg","contentUrl":"https:\/\/istex.is\/wp-content\/uploads\/2019\/06\/Istex-logo-vector-01.svg","caption":"\u00cdstex"},"image":{"@id":"https:\/\/istex.is\/#\/schema\/logo\/image\/"},"sameAs":["https:\/\/www.facebook.com\/istexlopi"]}]}},"_links":{"self":[{"href":"https:\/\/istex.is\/en\/wp-json\/wp\/v2\/pages\/5869","targetHints":{"allow":["GET"]}}],"collection":[{"href":"https:\/\/istex.is\/en\/wp-json\/wp\/v2\/pages"}],"about":[{"href":"https:\/\/istex.is\/en\/wp-json\/wp\/v2\/types\/page"}],"author":[{"embeddable":true,"href":"https:\/\/istex.is\/en\/wp-json\/wp\/v2\/users\/36"}],"replies":[{"embeddable":true,"href":"https:\/\/istex.is\/en\/wp-json\/wp\/v2\/comments?post=5869"}],"version-history":[{"count":17,"href":"https:\/\/istex.is\/en\/wp-json\/wp\/v2\/pages\/5869\/revisions"}],"predecessor-version":[{"id":10088,"href":"https:\/\/istex.is\/en\/wp-json\/wp\/v2\/pages\/5869\/revisions\/10088"}],"up":[{"embeddable":true,"href":"https:\/\/istex.is\/en\/wp-json\/wp\/v2\/pages\/4272"}],"wp:attachment":[{"href":"https:\/\/istex.is\/en\/wp-json\/wp\/v2\/media?parent=5869"}],"curies":[{"name":"wp","href":"https:\/\/api.w.org\/{rel}","templated":true}]}}