{"id":4272,"date":"2020-03-16T11:17:48","date_gmt":"2020-03-16T11:17:48","guid":{"rendered":"https:\/\/istex.is\/?page_id=4272"},"modified":"2023-11-02T10:09:18","modified_gmt":"2023-11-02T10:09:18","slug":"other-products","status":"publish","type":"page","link":"https:\/\/istex.is\/en\/other-products\/","title":{"rendered":"Other products"},"content":{"rendered":"\t\t<div data-elementor-type=\"wp-post\" data-elementor-id=\"4272\" class=\"elementor elementor-4272 elementor-1759\" data-elementor-post-type=\"page\">\n\t\t\t\t\t\t<section class=\"elementor-section elementor-top-section elementor-element elementor-element-53da906 elementor-section-boxed elementor-section-height-default elementor-section-height-default\" data-id=\"53da906\" data-element_type=\"section\" data-settings=\"{&quot;background_background&quot;:&quot;classic&quot;}\">\n\t\t\t\t\t\t<div class=\"elementor-container elementor-column-gap-no\">\n\t\t\t\t\t<div class=\"elementor-column elementor-col-50 elementor-top-column elementor-element elementor-element-250b77c\" data-id=\"250b77c\" data-element_type=\"column\">\n\t\t\t<div class=\"elementor-widget-wrap elementor-element-populated\">\n\t\t\t\t\t\t<div class=\"elementor-element elementor-element-3800e89 elementor--h-position-center elementor--v-position-middle elementor-arrows-position-inside elementor-pagination-position-inside elementor-widget elementor-widget-slides\" data-id=\"3800e89\" data-element_type=\"widget\" data-settings=\"{&quot;transition&quot;:&quot;fade&quot;,&quot;navigation&quot;:&quot;both&quot;,&quot;transition_speed&quot;:500}\" data-widget_type=\"slides.default\">\n\t\t\t\t<div class=\"elementor-widget-container\">\n\t\t\t\t\t\t\t\t\t<div class=\"elementor-swiper\">\n\t\t\t\t\t<div class=\"elementor-slides-wrapper elementor-main-swiper swiper\" role=\"region\" aria-roledescription=\"carousel\" aria-label=\"Slides\" dir=\"ltr\" data-animation=\"fadeInUp\">\n\t\t\t\t<div class=\"swiper-wrapper elementor-slides\">\n\t\t\t\t\t\t\t\t\t\t<div class=\"elementor-repeater-item-0d4c992 swiper-slide\" role=\"group\" aria-roledescription=\"slide\"><div class=\"swiper-slide-bg\" role=\"img\"><\/div><div class=\"swiper-slide-inner\" ><div class=\"swiper-slide-contents\"><\/div><\/div><\/div>\t\t\t\t<\/div>\n\t\t\t\t\t\t\t<\/div>\n\t\t\t\t<\/div>\n\t\t\t\t\t\t\t\t<\/div>\n\t\t\t\t<\/div>\n\t\t\t\t\t<\/div>\n\t\t<\/div>\n\t\t\t\t<div class=\"elementor-column elementor-col-50 elementor-top-column elementor-element elementor-element-1c064a0\" data-id=\"1c064a0\" data-element_type=\"column\" data-settings=\"{&quot;background_background&quot;:&quot;classic&quot;}\">\n\t\t\t<div class=\"elementor-widget-wrap elementor-element-populated\">\n\t\t\t\t\t\t<div class=\"elementor-element elementor-element-70bdf0a elementor-widget elementor-widget-heading\" data-id=\"70bdf0a\" data-element_type=\"widget\" data-widget_type=\"heading.default\">\n\t\t\t\t<div class=\"elementor-widget-container\">\n\t\t\t\t\t<h1 class=\"elementor-heading-title elementor-size-default\">Other Products<\/h1>\t\t\t\t<\/div>\n\t\t\t\t<\/div>\n\t\t\t\t<div class=\"elementor-element elementor-element-87edd28 elementor-widget elementor-widget-breadcrumbs\" data-id=\"87edd28\" data-element_type=\"widget\" data-widget_type=\"breadcrumbs.default\">\n\t\t\t\t<div class=\"elementor-widget-container\">\n\t\t\t\t\t<div id=\"breadcrumbs\"><span><span><a href=\"https:\/\/istex.is\/en\/\">Home<\/a><\/span><\/span><\/div>\t\t\t\t<\/div>\n\t\t\t\t<\/div>\n\t\t\t\t<div class=\"elementor-element elementor-element-b35793b elementor-widget elementor-widget-text-editor\" data-id=\"b35793b\" data-element_type=\"widget\" data-widget_type=\"text-editor.default\">\n\t\t\t\t<div class=\"elementor-widget-container\">\n\t\t\t\t\t\t\t\t\t<p>\u00cdstex offers Kambgarn and Spuni that are made of merino wool. Both are great for children&#8217;s garments.\u00a0<\/p><p>\u00cdstex has multiple selections for hand knitting. For example Kemba, wool soap and wool conditioner, knitting needles, crochet needles and buttons.<\/p>\t\t\t\t\t\t\t\t<\/div>\n\t\t\t\t<\/div>\n\t\t\t\t\t<\/div>\n\t\t<\/div>\n\t\t\t\t\t<\/div>\n\t\t<\/section>\n\t\t\t\t<section class=\"elementor-section elementor-top-section elementor-element elementor-element-407696f elementor-section-stretched elementor-section-boxed elementor-section-height-default elementor-section-height-default\" data-id=\"407696f\" data-element_type=\"section\" data-settings=\"{&quot;stretch_section&quot;:&quot;section-stretched&quot;}\">\n\t\t\t\t\t\t<div class=\"elementor-container elementor-column-gap-no\">\n\t\t\t\t\t<div class=\"elementor-column elementor-col-100 elementor-top-column elementor-element elementor-element-7f14a87\" data-id=\"7f14a87\" data-element_type=\"column\">\n\t\t\t<div class=\"elementor-widget-wrap elementor-element-populated\">\n\t\t\t\t\t\t<section class=\"elementor-section elementor-inner-section elementor-element elementor-element-2a72222 elementor-section-full_width elementor-section-height-default elementor-section-height-default\" data-id=\"2a72222\" data-element_type=\"section\">\n\t\t\t\t\t\t<div class=\"elementor-container elementor-column-gap-no\">\n\t\t\t\t\t<div class=\"make-column-clickable-elementor elementor-column elementor-col-33 elementor-inner-column elementor-element elementor-element-abde45f\" style=\"cursor: pointer;\" data-column-clickable=\"\/en\/other-products\/kambgarn\/\" data-column-clickable-blank=\"_self\" data-id=\"abde45f\" data-element_type=\"column\">\n\t\t\t<div class=\"elementor-widget-wrap elementor-element-populated\">\n\t\t\t\t\t\t<div class=\"elementor-element elementor-element-35fd436 elementor-widget elementor-widget-image\" data-id=\"35fd436\" data-element_type=\"widget\" data-widget_type=\"image.default\">\n\t\t\t\t<div class=\"elementor-widget-container\">\n\t\t\t\t\t\t\t\t\t\t\t\t\t\t\t<img fetchpriority=\"high\" decoding=\"async\" width=\"400\" height=\"266\" src=\"https:\/\/istex.is\/wp-content\/uploads\/2020\/02\/kambgarn_9390.jpg\" class=\"attachment-full size-full wp-image-3124\" alt=\"\" srcset=\"https:\/\/istex.is\/wp-content\/uploads\/2020\/02\/kambgarn_9390.jpg 400w, https:\/\/istex.is\/wp-content\/uploads\/2020\/02\/kambgarn_9390-64x43.jpg 64w, https:\/\/istex.is\/wp-content\/uploads\/2020\/02\/kambgarn_9390-300x200.jpg 300w\" sizes=\"(max-width: 400px) 100vw, 400px\" \/>\t\t\t\t\t\t\t\t\t\t\t\t\t\t\t<\/div>\n\t\t\t\t<\/div>\n\t\t\t\t<div class=\"elementor-element elementor-element-e0b702f elementor-widget elementor-widget-heading\" data-id=\"e0b702f\" data-element_type=\"widget\" data-widget_type=\"heading.default\">\n\t\t\t\t<div class=\"elementor-widget-container\">\n\t\t\t\t\t<h3 class=\"elementor-heading-title elementor-size-default\">Kambgarn<\/h3>\t\t\t\t<\/div>\n\t\t\t\t<\/div>\n\t\t\t\t<div class=\"elementor-element elementor-element-f319664 elementor-widget elementor-widget-text-editor\" data-id=\"f319664\" data-element_type=\"widget\" data-widget_type=\"text-editor.default\">\n\t\t\t\t<div class=\"elementor-widget-container\">\n\t\t\t\t\t\t\t\t\t<p>Kambgarn is made of merino wool and is ideal for children\u2019s sweaters, hats and etc.<\/p>\t\t\t\t\t\t\t\t<\/div>\n\t\t\t\t<\/div>\n\t\t\t\t\t<\/div>\n\t\t<\/div>\n\t\t\t\t<div class=\"make-column-clickable-elementor elementor-column elementor-col-33 elementor-inner-column elementor-element elementor-element-8d9e113\" style=\"cursor: pointer;\" data-column-clickable=\"\/en\/other-products\/spuni\/\" data-column-clickable-blank=\"_self\" data-id=\"8d9e113\" data-element_type=\"column\">\n\t\t\t<div class=\"elementor-widget-wrap elementor-element-populated\">\n\t\t\t\t\t\t<div class=\"elementor-element elementor-element-f4fb3f1 elementor-widget elementor-widget-image\" data-id=\"f4fb3f1\" data-element_type=\"widget\" data-widget_type=\"image.default\">\n\t\t\t\t<div class=\"elementor-widget-container\">\n\t\t\t\t\t\t\t\t\t\t\t\t\t\t\t<img decoding=\"async\" width=\"400\" height=\"266\" src=\"https:\/\/istex.is\/wp-content\/uploads\/2020\/01\/spuni-vorur-7236.jpg\" class=\"attachment-full size-full wp-image-2826\" alt=\"\" srcset=\"https:\/\/istex.is\/wp-content\/uploads\/2020\/01\/spuni-vorur-7236.jpg 400w, https:\/\/istex.is\/wp-content\/uploads\/2020\/01\/spuni-vorur-7236-64x43.jpg 64w, https:\/\/istex.is\/wp-content\/uploads\/2020\/01\/spuni-vorur-7236-300x200.jpg 300w\" sizes=\"(max-width: 400px) 100vw, 400px\" \/>\t\t\t\t\t\t\t\t\t\t\t\t\t\t\t<\/div>\n\t\t\t\t<\/div>\n\t\t\t\t<div class=\"elementor-element elementor-element-8f3d97e elementor-widget elementor-widget-heading\" data-id=\"8f3d97e\" data-element_type=\"widget\" data-widget_type=\"heading.default\">\n\t\t\t\t<div class=\"elementor-widget-container\">\n\t\t\t\t\t<h3 class=\"elementor-heading-title elementor-size-default\">Spuni<\/h3>\t\t\t\t<\/div>\n\t\t\t\t<\/div>\n\t\t\t\t<div class=\"elementor-element elementor-element-a759dbb elementor-widget elementor-widget-text-editor\" data-id=\"a759dbb\" data-element_type=\"widget\" data-widget_type=\"text-editor.default\">\n\t\t\t\t<div class=\"elementor-widget-container\">\n\t\t\t\t\t\t\t\t\t<p>Spuni is made of merino wool and has the same roughness as L\u00e9ttlopi. Suited for patterns that are made for L\u00e9ttlopi.<\/p>\t\t\t\t\t\t\t\t<\/div>\n\t\t\t\t<\/div>\n\t\t\t\t\t<\/div>\n\t\t<\/div>\n\t\t\t\t<div class=\"make-column-clickable-elementor elementor-column elementor-col-33 elementor-inner-column elementor-element elementor-element-9f43bb6\" style=\"cursor: pointer;\" data-column-clickable=\"\/en\/other-products\/kemba\/\" data-column-clickable-blank=\"_self\" data-id=\"9f43bb6\" data-element_type=\"column\">\n\t\t\t<div class=\"elementor-widget-wrap elementor-element-populated\">\n\t\t\t\t\t\t<div class=\"elementor-element elementor-element-932c595 elementor-widget elementor-widget-image\" data-id=\"932c595\" data-element_type=\"widget\" data-widget_type=\"image.default\">\n\t\t\t\t<div class=\"elementor-widget-container\">\n\t\t\t\t\t\t\t\t\t\t\t\t\t\t\t<img decoding=\"async\" width=\"400\" height=\"266\" src=\"https:\/\/istex.is\/wp-content\/uploads\/2020\/01\/kemba-vorur-0051.jpg\" class=\"attachment-full size-full wp-image-2828\" alt=\"\" srcset=\"https:\/\/istex.is\/wp-content\/uploads\/2020\/01\/kemba-vorur-0051.jpg 400w, https:\/\/istex.is\/wp-content\/uploads\/2020\/01\/kemba-vorur-0051-64x43.jpg 64w, https:\/\/istex.is\/wp-content\/uploads\/2020\/01\/kemba-vorur-0051-300x200.jpg 300w\" sizes=\"(max-width: 400px) 100vw, 400px\" \/>\t\t\t\t\t\t\t\t\t\t\t\t\t\t\t<\/div>\n\t\t\t\t<\/div>\n\t\t\t\t<div class=\"elementor-element elementor-element-aa31634 elementor-widget elementor-widget-heading\" data-id=\"aa31634\" data-element_type=\"widget\" data-widget_type=\"heading.default\">\n\t\t\t\t<div class=\"elementor-widget-container\">\n\t\t\t\t\t<h3 class=\"elementor-heading-title elementor-size-default\">Kemba<\/h3>\t\t\t\t<\/div>\n\t\t\t\t<\/div>\n\t\t\t\t<div class=\"elementor-element elementor-element-ed5387a elementor-widget elementor-widget-text-editor\" data-id=\"ed5387a\" data-element_type=\"widget\" data-widget_type=\"text-editor.default\">\n\t\t\t\t<div class=\"elementor-widget-container\">\n\t\t\t\t\t\t\t\t\t<p>Kemba is perfect for felting, spinning and also for padding. Kemba is known as \u201cthe magical felting wool\u201d.<\/p>\t\t\t\t\t\t\t\t<\/div>\n\t\t\t\t<\/div>\n\t\t\t\t\t<\/div>\n\t\t<\/div>\n\t\t\t\t\t<\/div>\n\t\t<\/section>\n\t\t\t\t<section class=\"elementor-section elementor-inner-section elementor-element elementor-element-70f98a6 elementor-section-boxed elementor-section-height-default elementor-section-height-default\" data-id=\"70f98a6\" data-element_type=\"section\">\n\t\t\t\t\t\t<div class=\"elementor-container elementor-column-gap-no\">\n\t\t\t\t\t<div class=\"make-column-clickable-elementor elementor-column elementor-col-33 elementor-inner-column elementor-element elementor-element-f9df04c\" style=\"cursor: pointer;\" data-column-clickable=\"\/en\/other-products\/ullarsapa-og-ullarnaering\/\" data-column-clickable-blank=\"_self\" data-id=\"f9df04c\" data-element_type=\"column\">\n\t\t\t<div class=\"elementor-widget-wrap elementor-element-populated\">\n\t\t\t\t\t\t<div class=\"elementor-element elementor-element-7188952 elementor-widget elementor-widget-image\" data-id=\"7188952\" data-element_type=\"widget\" data-widget_type=\"image.default\">\n\t\t\t\t<div class=\"elementor-widget-container\">\n\t\t\t\t\t\t\t\t\t\t\t\t\t\t\t<img loading=\"lazy\" decoding=\"async\" width=\"400\" height=\"266\" src=\"https:\/\/istex.is\/wp-content\/uploads\/2020\/02\/sapa-naering1.jpg\" class=\"attachment-full size-full wp-image-3122\" alt=\"\" srcset=\"https:\/\/istex.is\/wp-content\/uploads\/2020\/02\/sapa-naering1.jpg 400w, https:\/\/istex.is\/wp-content\/uploads\/2020\/02\/sapa-naering1-64x43.jpg 64w, https:\/\/istex.is\/wp-content\/uploads\/2020\/02\/sapa-naering1-300x200.jpg 300w\" sizes=\"(max-width: 400px) 100vw, 400px\" \/>\t\t\t\t\t\t\t\t\t\t\t\t\t\t\t<\/div>\n\t\t\t\t<\/div>\n\t\t\t\t<div class=\"elementor-element elementor-element-b670107 elementor-widget elementor-widget-heading\" data-id=\"b670107\" data-element_type=\"widget\" data-widget_type=\"heading.default\">\n\t\t\t\t<div class=\"elementor-widget-container\">\n\t\t\t\t\t<h3 class=\"elementor-heading-title elementor-size-default\">Ullars\u00e1pa and Ullarn\u00e6ring<\/h3>\t\t\t\t<\/div>\n\t\t\t\t<\/div>\n\t\t\t\t<div class=\"elementor-element elementor-element-ff1eb47 elementor-widget elementor-widget-text-editor\" data-id=\"ff1eb47\" data-element_type=\"widget\" data-widget_type=\"text-editor.default\">\n\t\t\t\t<div class=\"elementor-widget-container\">\n\t\t\t\t\t\t\t\t\t<p>Lopi ullars\u00e1pa is a detergent specially formulated for washing wool and other delicate materials. Lopi ullarn\u00e6ring is a conditioner for wool and other delicate materials.<\/p>\t\t\t\t\t\t\t\t<\/div>\n\t\t\t\t<\/div>\n\t\t\t\t\t<\/div>\n\t\t<\/div>\n\t\t\t\t<div class=\"make-column-clickable-elementor elementor-column elementor-col-33 elementor-inner-column elementor-element elementor-element-44ee601\" style=\"cursor: pointer;\" data-column-clickable=\"\/en\/other-products\/prjonar\/\" data-column-clickable-blank=\"_self\" data-id=\"44ee601\" data-element_type=\"column\">\n\t\t\t<div class=\"elementor-widget-wrap elementor-element-populated\">\n\t\t\t\t\t\t<div class=\"elementor-element elementor-element-3f6b570 elementor-widget elementor-widget-image\" data-id=\"3f6b570\" data-element_type=\"widget\" data-widget_type=\"image.default\">\n\t\t\t\t<div class=\"elementor-widget-container\">\n\t\t\t\t\t\t\t\t\t\t\t\t\t\t\t<img loading=\"lazy\" decoding=\"async\" width=\"400\" height=\"266\" src=\"https:\/\/istex.is\/wp-content\/uploads\/2020\/02\/prjonar.jpg\" class=\"attachment-full size-full wp-image-2950\" alt=\"\" srcset=\"https:\/\/istex.is\/wp-content\/uploads\/2020\/02\/prjonar.jpg 400w, https:\/\/istex.is\/wp-content\/uploads\/2020\/02\/prjonar-64x43.jpg 64w, https:\/\/istex.is\/wp-content\/uploads\/2020\/02\/prjonar-300x200.jpg 300w\" sizes=\"(max-width: 400px) 100vw, 400px\" \/>\t\t\t\t\t\t\t\t\t\t\t\t\t\t\t<\/div>\n\t\t\t\t<\/div>\n\t\t\t\t<div class=\"elementor-element elementor-element-01b0c4a elementor-widget elementor-widget-heading\" data-id=\"01b0c4a\" data-element_type=\"widget\" data-widget_type=\"heading.default\">\n\t\t\t\t<div class=\"elementor-widget-container\">\n\t\t\t\t\t<h3 class=\"elementor-heading-title elementor-size-default\">Knitting Needles, Crochet Hooks, and Buttons<\/h3>\t\t\t\t<\/div>\n\t\t\t\t<\/div>\n\t\t\t\t<div class=\"elementor-element elementor-element-8c02786 elementor-widget elementor-widget-text-editor\" data-id=\"8c02786\" data-element_type=\"widget\" data-widget_type=\"text-editor.default\">\n\t\t\t\t<div class=\"elementor-widget-container\">\n\t\t\t\t\t\t\t\t\t<p>\u00cdstex offers knitting needles and crochet hooks from Pony. They are colorful and have enjoyed great popularity. Each size has its own color.<\/p>\t\t\t\t\t\t\t\t<\/div>\n\t\t\t\t<\/div>\n\t\t\t\t\t<\/div>\n\t\t<\/div>\n\t\t\t\t<div class=\"elementor-column elementor-col-33 elementor-inner-column elementor-element elementor-element-ccb0c92\" data-id=\"ccb0c92\" data-element_type=\"column\">\n\t\t\t<div class=\"elementor-widget-wrap\">\n\t\t\t\t\t\t\t<\/div>\n\t\t<\/div>\n\t\t\t\t\t<\/div>\n\t\t<\/section>\n\t\t\t\t\t<\/div>\n\t\t<\/div>\n\t\t\t\t\t<\/div>\n\t\t<\/section>\n\t\t\t\t<\/div>\n\t\t","protected":false},"excerpt":{"rendered":"<p>Other Products \u00cdstex offers Kambgarn and Spuni that are made of merino wool. Both are great for children&#8217;s garments.\u00a0 \u00cdstex has multiple selections for hand knitting. For example Kemba, wool soap and wool conditioner, knitting needles, crochet needles and buttons. Kambgarn Kambgarn is made of merino wool and is ideal for children\u2019s sweaters, hats and [&hellip;]<\/p>\n","protected":false},"author":36,"featured_media":4019,"parent":0,"menu_order":0,"comment_status":"closed","ping_status":"closed","template":"","meta":{"_acf_changed":false,"_monsterinsights_skip_tracking":false,"_monsterinsights_sitenote_active":false,"_monsterinsights_sitenote_note":"","_monsterinsights_sitenote_category":0,"footnotes":""},"class_list":["post-4272","page","type-page","status-publish","has-post-thumbnail","hentry"],"acf":[],"yoast_head":"<!-- This site is optimized with the Yoast SEO plugin v24.9 - https:\/\/yoast.com\/wordpress\/plugins\/seo\/ -->\n<title>Other products - \u00cdstex<\/title>\n<meta name=\"robots\" content=\"index, follow, max-snippet:-1, max-image-preview:large, max-video-preview:-1\" \/>\n<link rel=\"canonical\" href=\"https:\/\/istex.is\/adrar-vorur\/\" \/>\n<meta property=\"og:locale\" content=\"en_US\" \/>\n<meta property=\"og:type\" content=\"article\" \/>\n<meta property=\"og:title\" content=\"Other products - \u00cdstex\" \/>\n<meta property=\"og:description\" content=\"Other Products \u00cdstex offers Kambgarn and Spuni that are made of merino wool. Both are great for children&#8217;s garments.\u00a0 \u00cdstex has multiple selections for hand knitting. For example Kemba, wool soap and wool conditioner, knitting needles, crochet needles and buttons. Kambgarn Kambgarn is made of merino wool and is ideal for children\u2019s sweaters, hats and [&hellip;]\" \/>\n<meta property=\"og:url\" content=\"https:\/\/istex.is\/adrar-vorur\/\" \/>\n<meta property=\"og:site_name\" content=\"\u00cdstex\" \/>\n<meta property=\"article:publisher\" content=\"https:\/\/www.facebook.com\/istexlopi\" \/>\n<meta property=\"article:modified_time\" content=\"2023-11-02T10:09:18+00:00\" \/>\n<meta property=\"og:image\" content=\"https:\/\/istex.is\/wp-content\/uploads\/2020\/03\/T\u00f6lur-18-mm.jpg\" \/>\n\t<meta property=\"og:image:width\" content=\"1920\" \/>\n\t<meta property=\"og:image:height\" content=\"1454\" \/>\n\t<meta property=\"og:image:type\" content=\"image\/jpeg\" \/>\n<meta name=\"twitter:card\" content=\"summary_large_image\" \/>\n<meta name=\"twitter:label1\" content=\"Est. reading time\" \/>\n\t<meta name=\"twitter:data1\" content=\"2 minutes\" \/>\n<script type=\"application\/ld+json\" class=\"yoast-schema-graph\">{\"@context\":\"https:\/\/schema.org\",\"@graph\":[{\"@type\":\"WebPage\",\"@id\":\"https:\/\/istex.is\/adrar-vorur\/\",\"url\":\"https:\/\/istex.is\/adrar-vorur\/\",\"name\":\"Other products - \u00cdstex\",\"isPartOf\":{\"@id\":\"https:\/\/istex.is\/#website\"},\"primaryImageOfPage\":{\"@id\":\"https:\/\/istex.is\/adrar-vorur\/#primaryimage\"},\"image\":{\"@id\":\"https:\/\/istex.is\/adrar-vorur\/#primaryimage\"},\"thumbnailUrl\":\"https:\/\/istex.is\/wp-content\/uploads\/2020\/03\/T\u00f6lur-18-mm.jpg\",\"datePublished\":\"2020-03-16T11:17:48+00:00\",\"dateModified\":\"2023-11-02T10:09:18+00:00\",\"breadcrumb\":{\"@id\":\"https:\/\/istex.is\/adrar-vorur\/#breadcrumb\"},\"inLanguage\":\"en-US\",\"potentialAction\":[{\"@type\":\"ReadAction\",\"target\":[\"https:\/\/istex.is\/adrar-vorur\/\"]}]},{\"@type\":\"ImageObject\",\"inLanguage\":\"en-US\",\"@id\":\"https:\/\/istex.is\/adrar-vorur\/#primaryimage\",\"url\":\"https:\/\/istex.is\/wp-content\/uploads\/2020\/03\/T\u00f6lur-18-mm.jpg\",\"contentUrl\":\"https:\/\/istex.is\/wp-content\/uploads\/2020\/03\/T\u00f6lur-18-mm.jpg\",\"width\":1920,\"height\":1454},{\"@type\":\"BreadcrumbList\",\"@id\":\"https:\/\/istex.is\/adrar-vorur\/#breadcrumb\",\"itemListElement\":[{\"@type\":\"ListItem\",\"position\":1,\"name\":\"Home\",\"item\":\"https:\/\/istex.is\/en\/\"},{\"@type\":\"ListItem\",\"position\":2,\"name\":\"Other products\"}]},{\"@type\":\"WebSite\",\"@id\":\"https:\/\/istex.is\/#website\",\"url\":\"https:\/\/istex.is\/\",\"name\":\"\u00cdstex\",\"description\":\"\u00cdslenskur text\u00edli\u00f0na\u00f0ur\",\"publisher\":{\"@id\":\"https:\/\/istex.is\/#organization\"},\"potentialAction\":[{\"@type\":\"SearchAction\",\"target\":{\"@type\":\"EntryPoint\",\"urlTemplate\":\"https:\/\/istex.is\/?s={search_term_string}\"},\"query-input\":{\"@type\":\"PropertyValueSpecification\",\"valueRequired\":true,\"valueName\":\"search_term_string\"}}],\"inLanguage\":\"en-US\"},{\"@type\":\"Organization\",\"@id\":\"https:\/\/istex.is\/#organization\",\"name\":\"\u00cdstex\",\"url\":\"https:\/\/istex.is\/\",\"logo\":{\"@type\":\"ImageObject\",\"inLanguage\":\"en-US\",\"@id\":\"https:\/\/istex.is\/#\/schema\/logo\/image\/\",\"url\":\"https:\/\/istex.is\/wp-content\/uploads\/2019\/06\/Istex-logo-vector-01.svg\",\"contentUrl\":\"https:\/\/istex.is\/wp-content\/uploads\/2019\/06\/Istex-logo-vector-01.svg\",\"caption\":\"\u00cdstex\"},\"image\":{\"@id\":\"https:\/\/istex.is\/#\/schema\/logo\/image\/\"},\"sameAs\":[\"https:\/\/www.facebook.com\/istexlopi\"]}]}<\/script>\n<!-- \/ Yoast SEO plugin. -->","yoast_head_json":{"title":"Other products - \u00cdstex","robots":{"index":"index","follow":"follow","max-snippet":"max-snippet:-1","max-image-preview":"max-image-preview:large","max-video-preview":"max-video-preview:-1"},"canonical":"https:\/\/istex.is\/adrar-vorur\/","og_locale":"en_US","og_type":"article","og_title":"Other products - \u00cdstex","og_description":"Other Products \u00cdstex offers Kambgarn and Spuni that are made of merino wool. Both are great for children&#8217;s garments.\u00a0 \u00cdstex has multiple selections for hand knitting. For example Kemba, wool soap and wool conditioner, knitting needles, crochet needles and buttons. Kambgarn Kambgarn is made of merino wool and is ideal for children\u2019s sweaters, hats and [&hellip;]","og_url":"https:\/\/istex.is\/adrar-vorur\/","og_site_name":"\u00cdstex","article_publisher":"https:\/\/www.facebook.com\/istexlopi","article_modified_time":"2023-11-02T10:09:18+00:00","og_image":[{"width":1920,"height":1454,"url":"https:\/\/istex.is\/wp-content\/uploads\/2020\/03\/T\u00f6lur-18-mm.jpg","type":"image\/jpeg"}],"twitter_card":"summary_large_image","twitter_misc":{"Est. reading time":"2 minutes"},"schema":{"@context":"https:\/\/schema.org","@graph":[{"@type":"WebPage","@id":"https:\/\/istex.is\/adrar-vorur\/","url":"https:\/\/istex.is\/adrar-vorur\/","name":"Other products - \u00cdstex","isPartOf":{"@id":"https:\/\/istex.is\/#website"},"primaryImageOfPage":{"@id":"https:\/\/istex.is\/adrar-vorur\/#primaryimage"},"image":{"@id":"https:\/\/istex.is\/adrar-vorur\/#primaryimage"},"thumbnailUrl":"https:\/\/istex.is\/wp-content\/uploads\/2020\/03\/T\u00f6lur-18-mm.jpg","datePublished":"2020-03-16T11:17:48+00:00","dateModified":"2023-11-02T10:09:18+00:00","breadcrumb":{"@id":"https:\/\/istex.is\/adrar-vorur\/#breadcrumb"},"inLanguage":"en-US","potentialAction":[{"@type":"ReadAction","target":["https:\/\/istex.is\/adrar-vorur\/"]}]},{"@type":"ImageObject","inLanguage":"en-US","@id":"https:\/\/istex.is\/adrar-vorur\/#primaryimage","url":"https:\/\/istex.is\/wp-content\/uploads\/2020\/03\/T\u00f6lur-18-mm.jpg","contentUrl":"https:\/\/istex.is\/wp-content\/uploads\/2020\/03\/T\u00f6lur-18-mm.jpg","width":1920,"height":1454},{"@type":"BreadcrumbList","@id":"https:\/\/istex.is\/adrar-vorur\/#breadcrumb","itemListElement":[{"@type":"ListItem","position":1,"name":"Home","item":"https:\/\/istex.is\/en\/"},{"@type":"ListItem","position":2,"name":"Other products"}]},{"@type":"WebSite","@id":"https:\/\/istex.is\/#website","url":"https:\/\/istex.is\/","name":"\u00cdstex","description":"\u00cdslenskur text\u00edli\u00f0na\u00f0ur","publisher":{"@id":"https:\/\/istex.is\/#organization"},"potentialAction":[{"@type":"SearchAction","target":{"@type":"EntryPoint","urlTemplate":"https:\/\/istex.is\/?s={search_term_string}"},"query-input":{"@type":"PropertyValueSpecification","valueRequired":true,"valueName":"search_term_string"}}],"inLanguage":"en-US"},{"@type":"Organization","@id":"https:\/\/istex.is\/#organization","name":"\u00cdstex","url":"https:\/\/istex.is\/","logo":{"@type":"ImageObject","inLanguage":"en-US","@id":"https:\/\/istex.is\/#\/schema\/logo\/image\/","url":"https:\/\/istex.is\/wp-content\/uploads\/2019\/06\/Istex-logo-vector-01.svg","contentUrl":"https:\/\/istex.is\/wp-content\/uploads\/2019\/06\/Istex-logo-vector-01.svg","caption":"\u00cdstex"},"image":{"@id":"https:\/\/istex.is\/#\/schema\/logo\/image\/"},"sameAs":["https:\/\/www.facebook.com\/istexlopi"]}]}},"_links":{"self":[{"href":"https:\/\/istex.is\/en\/wp-json\/wp\/v2\/pages\/4272","targetHints":{"allow":["GET"]}}],"collection":[{"href":"https:\/\/istex.is\/en\/wp-json\/wp\/v2\/pages"}],"about":[{"href":"https:\/\/istex.is\/en\/wp-json\/wp\/v2\/types\/page"}],"author":[{"embeddable":true,"href":"https:\/\/istex.is\/en\/wp-json\/wp\/v2\/users\/36"}],"replies":[{"embeddable":true,"href":"https:\/\/istex.is\/en\/wp-json\/wp\/v2\/comments?post=4272"}],"version-history":[{"count":3,"href":"https:\/\/istex.is\/en\/wp-json\/wp\/v2\/pages\/4272\/revisions"}],"predecessor-version":[{"id":9238,"href":"https:\/\/istex.is\/en\/wp-json\/wp\/v2\/pages\/4272\/revisions\/9238"}],"wp:featuredmedia":[{"embeddable":true,"href":"https:\/\/istex.is\/en\/wp-json\/wp\/v2\/media\/4019"}],"wp:attachment":[{"href":"https:\/\/istex.is\/en\/wp-json\/wp\/v2\/media?parent=4272"}],"curies":[{"name":"wp","href":"https:\/\/api.w.org\/{rel}","templated":true}]}}