{"id":4229,"date":"2020-03-17T19:17:54","date_gmt":"2020-03-17T19:17:54","guid":{"rendered":"https:\/\/istex.is\/?page_id=4229"},"modified":"2025-02-12T14:00:16","modified_gmt":"2025-02-12T14:00:16","slug":"kambgarn","status":"publish","type":"page","link":"https:\/\/istex.is\/en\/other-products\/kambgarn\/","title":{"rendered":"Kambgarn"},"content":{"rendered":"\t\t<div data-elementor-type=\"wp-post\" data-elementor-id=\"4229\" class=\"elementor elementor-4229 elementor-135\" data-elementor-post-type=\"page\">\n\t\t\t\t\t\t<section class=\"elementor-section elementor-top-section elementor-element elementor-element-beed02a elementor-section-boxed elementor-section-height-default elementor-section-height-default\" data-id=\"beed02a\" data-element_type=\"section\" data-settings=\"{&quot;background_background&quot;:&quot;classic&quot;}\">\n\t\t\t\t\t\t<div class=\"elementor-container elementor-column-gap-no\">\n\t\t\t\t\t<div class=\"elementor-column elementor-col-50 elementor-top-column elementor-element elementor-element-77f7ad5\" data-id=\"77f7ad5\" data-element_type=\"column\">\n\t\t\t<div class=\"elementor-widget-wrap elementor-element-populated\">\n\t\t\t\t\t\t<div class=\"elementor-element elementor-element-6a56874 elementor--h-position-center elementor--v-position-middle elementor-arrows-position-inside elementor-pagination-position-inside elementor-widget elementor-widget-slides\" data-id=\"6a56874\" data-element_type=\"widget\" data-settings=\"{&quot;transition&quot;:&quot;fade&quot;,&quot;navigation&quot;:&quot;both&quot;,&quot;transition_speed&quot;:500}\" data-widget_type=\"slides.default\">\n\t\t\t\t<div class=\"elementor-widget-container\">\n\t\t\t\t\t\t\t\t\t<div class=\"elementor-swiper\">\n\t\t\t\t\t<div class=\"elementor-slides-wrapper elementor-main-swiper swiper\" role=\"region\" aria-roledescription=\"carousel\" aria-label=\"Slides\" dir=\"ltr\" data-animation=\"fadeInUp\">\n\t\t\t\t<div class=\"swiper-wrapper elementor-slides\">\n\t\t\t\t\t\t\t\t\t\t<div class=\"elementor-repeater-item-4eaafa6 swiper-slide\" role=\"group\" aria-roledescription=\"slide\"><div class=\"swiper-slide-bg\" role=\"img\"><\/div><div class=\"swiper-slide-inner\" ><div class=\"swiper-slide-contents\"><\/div><\/div><\/div>\t\t\t\t<\/div>\n\t\t\t\t\t\t\t<\/div>\n\t\t\t\t<\/div>\n\t\t\t\t\t\t\t\t<\/div>\n\t\t\t\t<\/div>\n\t\t\t\t\t<\/div>\n\t\t<\/div>\n\t\t\t\t<div class=\"elementor-column elementor-col-50 elementor-top-column elementor-element elementor-element-7c04dcc\" data-id=\"7c04dcc\" data-element_type=\"column\" data-settings=\"{&quot;background_background&quot;:&quot;classic&quot;}\">\n\t\t\t<div class=\"elementor-widget-wrap elementor-element-populated\">\n\t\t\t\t\t\t<div class=\"elementor-element elementor-element-59a565a elementor-widget elementor-widget-breadcrumbs\" data-id=\"59a565a\" data-element_type=\"widget\" data-widget_type=\"breadcrumbs.default\">\n\t\t\t\t<div class=\"elementor-widget-container\">\n\t\t\t\t\t<div id=\"breadcrumbs\"><span><span><a href=\"https:\/\/istex.is\/en\/\">Home<\/a><\/span><\/span><\/div>\t\t\t\t<\/div>\n\t\t\t\t<\/div>\n\t\t\t\t<div class=\"elementor-element elementor-element-0260f93 elementor-widget elementor-widget-text-editor\" data-id=\"0260f93\" data-element_type=\"widget\" data-widget_type=\"text-editor.default\">\n\t\t\t\t<div class=\"elementor-widget-container\">\n\t\t\t\t\t\t\t\t\t<p><strong>Material<\/strong>:&nbsp; &nbsp; &nbsp; &nbsp; &nbsp; &nbsp; &nbsp; &nbsp; &nbsp; &nbsp; &nbsp; &nbsp; &nbsp; &nbsp; &nbsp; &nbsp; &nbsp; &nbsp;100% Merino wool<br><strong>Ball<\/strong>:&nbsp; &nbsp; &nbsp; &nbsp; &nbsp; &nbsp; &nbsp; &nbsp; &nbsp; &nbsp; &nbsp; &nbsp; &nbsp; &nbsp; &nbsp; &nbsp; &nbsp; &nbsp; &nbsp; &nbsp; &nbsp; &nbsp;50 g ~ 150 m<br><strong>Suggested needle sizes<\/strong>:&nbsp; &nbsp; &nbsp; &nbsp;2\u00bd-4 mm<br><strong>Gauge 10\u00d710 cm<\/strong>:&nbsp; &nbsp; &nbsp; &nbsp; &nbsp; &nbsp; &nbsp; &nbsp; &nbsp; &nbsp;24 stitches and 30 rows<\/p>\n<p>Kambgarn is a merino wool yarn, soft and warm. It is great for children\u2019s cloths, hats and embroidery.&nbsp;<\/p>\n<p>The wool used is sourced from farms that do not allow the practice of mulesing sheep.&nbsp;<\/p>\t\t\t\t\t\t\t\t<\/div>\n\t\t\t\t<\/div>\n\t\t\t\t\t<\/div>\n\t\t<\/div>\n\t\t\t\t\t<\/div>\n\t\t<\/section>\n\t\t\t\t<section class=\"elementor-section elementor-top-section elementor-element elementor-element-320a8c2 elementor-section-boxed elementor-section-height-default elementor-section-height-default\" data-id=\"320a8c2\" data-element_type=\"section\">\n\t\t\t\t\t\t<div class=\"elementor-container elementor-column-gap-no\">\n\t\t\t\t\t<div class=\"elementor-column elementor-col-100 elementor-top-column elementor-element elementor-element-332bae4\" data-id=\"332bae4\" data-element_type=\"column\">\n\t\t\t<div class=\"elementor-widget-wrap elementor-element-populated\">\n\t\t\t\t\t\t\t<\/div>\n\t\t<\/div>\n\t\t\t\t\t<\/div>\n\t\t<\/section>\n\t\t\t\t<\/div>\n\t\t","protected":false},"excerpt":{"rendered":"<p>Material:\u00a0 \u00a0 \u00a0 \u00a0 \u00a0 \u00a0 \u00a0 \u00a0 \u00a0 \u00a0 \u00a0 \u00a0 \u00a0 \u00a0 \u00a0 \u00a0 \u00a0 \u00a0100% Merino wool Ball:\u00a0 \u00a0 \u00a0 \u00a0 \u00a0 \u00a0 \u00a0 \u00a0 \u00a0 \u00a0 \u00a0 \u00a0 \u00a0 \u00a0 \u00a0 \u00a0 \u00a0 \u00a0 \u00a0 \u00a0 \u00a0 \u00a050 g ~ 150 m Suggested needle sizes:\u00a0 \u00a0 \u00a0 \u00a02\u00bd-4 mm Gauge 10\u00d710 [&hellip;]<\/p>\n","protected":false},"author":36,"featured_media":0,"parent":4272,"menu_order":0,"comment_status":"closed","ping_status":"closed","template":"","meta":{"_acf_changed":false,"_monsterinsights_skip_tracking":false,"_monsterinsights_sitenote_active":false,"_monsterinsights_sitenote_note":"","_monsterinsights_sitenote_category":0,"footnotes":""},"class_list":["post-4229","page","type-page","status-publish","hentry"],"acf":[],"yoast_head":"<!-- This site is optimized with the Yoast SEO plugin v24.9 - https:\/\/yoast.com\/wordpress\/plugins\/seo\/ -->\n<title>Kambgarn - \u00cdstex<\/title>\n<meta name=\"description\" content=\"Kambgarn is a merino wool yarn, soft and warm. It is great for children\u2019s cloths, hats and embroidery. The wool used is sourced from farms that do not allow the practice of mulesing sheep.\" \/>\n<meta name=\"robots\" content=\"index, follow, max-snippet:-1, max-image-preview:large, max-video-preview:-1\" \/>\n<link rel=\"canonical\" href=\"https:\/\/istex.is\/en\/other-products\/kambgarn\/\" \/>\n<meta property=\"og:locale\" content=\"en_US\" \/>\n<meta property=\"og:type\" content=\"article\" \/>\n<meta property=\"og:title\" content=\"Kambgarn - \u00cdstex\" \/>\n<meta property=\"og:description\" content=\"Kambgarn is a merino wool yarn, soft and warm. It is great for children\u2019s cloths, hats and embroidery. The wool used is sourced from farms that do not allow the practice of mulesing sheep.\" \/>\n<meta property=\"og:url\" content=\"https:\/\/istex.is\/en\/other-products\/kambgarn\/\" \/>\n<meta property=\"og:site_name\" content=\"\u00cdstex\" \/>\n<meta property=\"article:publisher\" content=\"https:\/\/www.facebook.com\/istexlopi\" \/>\n<meta property=\"article:modified_time\" content=\"2025-02-12T14:00:16+00:00\" \/>\n<meta name=\"twitter:card\" content=\"summary_large_image\" \/>\n<meta name=\"twitter:label1\" content=\"Est. reading time\" \/>\n\t<meta name=\"twitter:data1\" content=\"1 minute\" \/>\n<script type=\"application\/ld+json\" class=\"yoast-schema-graph\">{\"@context\":\"https:\/\/schema.org\",\"@graph\":[{\"@type\":\"WebPage\",\"@id\":\"https:\/\/istex.is\/en\/other-products\/kambgarn\/\",\"url\":\"https:\/\/istex.is\/en\/other-products\/kambgarn\/\",\"name\":\"Kambgarn - \u00cdstex\",\"isPartOf\":{\"@id\":\"https:\/\/istex.is\/#website\"},\"datePublished\":\"2020-03-17T19:17:54+00:00\",\"dateModified\":\"2025-02-12T14:00:16+00:00\",\"description\":\"Kambgarn is a merino wool yarn, soft and warm. It is great for children\u2019s cloths, hats and embroidery. The wool used is sourced from farms that do not allow the practice of mulesing sheep.\",\"breadcrumb\":{\"@id\":\"https:\/\/istex.is\/en\/other-products\/kambgarn\/#breadcrumb\"},\"inLanguage\":\"en-US\",\"potentialAction\":[{\"@type\":\"ReadAction\",\"target\":[\"https:\/\/istex.is\/en\/other-products\/kambgarn\/\"]}]},{\"@type\":\"BreadcrumbList\",\"@id\":\"https:\/\/istex.is\/en\/other-products\/kambgarn\/#breadcrumb\",\"itemListElement\":[{\"@type\":\"ListItem\",\"position\":1,\"name\":\"Home\",\"item\":\"https:\/\/istex.is\/en\/\"},{\"@type\":\"ListItem\",\"position\":2,\"name\":\"Other products\",\"item\":\"https:\/\/istex.is\/adrar-vorur\/\"},{\"@type\":\"ListItem\",\"position\":3,\"name\":\"Kambgarn\"}]},{\"@type\":\"WebSite\",\"@id\":\"https:\/\/istex.is\/#website\",\"url\":\"https:\/\/istex.is\/\",\"name\":\"\u00cdstex\",\"description\":\"\u00cdslenskur text\u00edli\u00f0na\u00f0ur\",\"publisher\":{\"@id\":\"https:\/\/istex.is\/#organization\"},\"potentialAction\":[{\"@type\":\"SearchAction\",\"target\":{\"@type\":\"EntryPoint\",\"urlTemplate\":\"https:\/\/istex.is\/?s={search_term_string}\"},\"query-input\":{\"@type\":\"PropertyValueSpecification\",\"valueRequired\":true,\"valueName\":\"search_term_string\"}}],\"inLanguage\":\"en-US\"},{\"@type\":\"Organization\",\"@id\":\"https:\/\/istex.is\/#organization\",\"name\":\"\u00cdstex\",\"url\":\"https:\/\/istex.is\/\",\"logo\":{\"@type\":\"ImageObject\",\"inLanguage\":\"en-US\",\"@id\":\"https:\/\/istex.is\/#\/schema\/logo\/image\/\",\"url\":\"https:\/\/istex.is\/wp-content\/uploads\/2019\/06\/Istex-logo-vector-01.svg\",\"contentUrl\":\"https:\/\/istex.is\/wp-content\/uploads\/2019\/06\/Istex-logo-vector-01.svg\",\"caption\":\"\u00cdstex\"},\"image\":{\"@id\":\"https:\/\/istex.is\/#\/schema\/logo\/image\/\"},\"sameAs\":[\"https:\/\/www.facebook.com\/istexlopi\"]}]}<\/script>\n<!-- \/ Yoast SEO plugin. -->","yoast_head_json":{"title":"Kambgarn - \u00cdstex","description":"Kambgarn is a merino wool yarn, soft and warm. It is great for children\u2019s cloths, hats and embroidery. The wool used is sourced from farms that do not allow the practice of mulesing sheep.","robots":{"index":"index","follow":"follow","max-snippet":"max-snippet:-1","max-image-preview":"max-image-preview:large","max-video-preview":"max-video-preview:-1"},"canonical":"https:\/\/istex.is\/en\/other-products\/kambgarn\/","og_locale":"en_US","og_type":"article","og_title":"Kambgarn - \u00cdstex","og_description":"Kambgarn is a merino wool yarn, soft and warm. It is great for children\u2019s cloths, hats and embroidery. The wool used is sourced from farms that do not allow the practice of mulesing sheep.","og_url":"https:\/\/istex.is\/en\/other-products\/kambgarn\/","og_site_name":"\u00cdstex","article_publisher":"https:\/\/www.facebook.com\/istexlopi","article_modified_time":"2025-02-12T14:00:16+00:00","twitter_card":"summary_large_image","twitter_misc":{"Est. reading time":"1 minute"},"schema":{"@context":"https:\/\/schema.org","@graph":[{"@type":"WebPage","@id":"https:\/\/istex.is\/en\/other-products\/kambgarn\/","url":"https:\/\/istex.is\/en\/other-products\/kambgarn\/","name":"Kambgarn - \u00cdstex","isPartOf":{"@id":"https:\/\/istex.is\/#website"},"datePublished":"2020-03-17T19:17:54+00:00","dateModified":"2025-02-12T14:00:16+00:00","description":"Kambgarn is a merino wool yarn, soft and warm. It is great for children\u2019s cloths, hats and embroidery. The wool used is sourced from farms that do not allow the practice of mulesing sheep.","breadcrumb":{"@id":"https:\/\/istex.is\/en\/other-products\/kambgarn\/#breadcrumb"},"inLanguage":"en-US","potentialAction":[{"@type":"ReadAction","target":["https:\/\/istex.is\/en\/other-products\/kambgarn\/"]}]},{"@type":"BreadcrumbList","@id":"https:\/\/istex.is\/en\/other-products\/kambgarn\/#breadcrumb","itemListElement":[{"@type":"ListItem","position":1,"name":"Home","item":"https:\/\/istex.is\/en\/"},{"@type":"ListItem","position":2,"name":"Other products","item":"https:\/\/istex.is\/adrar-vorur\/"},{"@type":"ListItem","position":3,"name":"Kambgarn"}]},{"@type":"WebSite","@id":"https:\/\/istex.is\/#website","url":"https:\/\/istex.is\/","name":"\u00cdstex","description":"\u00cdslenskur text\u00edli\u00f0na\u00f0ur","publisher":{"@id":"https:\/\/istex.is\/#organization"},"potentialAction":[{"@type":"SearchAction","target":{"@type":"EntryPoint","urlTemplate":"https:\/\/istex.is\/?s={search_term_string}"},"query-input":{"@type":"PropertyValueSpecification","valueRequired":true,"valueName":"search_term_string"}}],"inLanguage":"en-US"},{"@type":"Organization","@id":"https:\/\/istex.is\/#organization","name":"\u00cdstex","url":"https:\/\/istex.is\/","logo":{"@type":"ImageObject","inLanguage":"en-US","@id":"https:\/\/istex.is\/#\/schema\/logo\/image\/","url":"https:\/\/istex.is\/wp-content\/uploads\/2019\/06\/Istex-logo-vector-01.svg","contentUrl":"https:\/\/istex.is\/wp-content\/uploads\/2019\/06\/Istex-logo-vector-01.svg","caption":"\u00cdstex"},"image":{"@id":"https:\/\/istex.is\/#\/schema\/logo\/image\/"},"sameAs":["https:\/\/www.facebook.com\/istexlopi"]}]}},"_links":{"self":[{"href":"https:\/\/istex.is\/en\/wp-json\/wp\/v2\/pages\/4229","targetHints":{"allow":["GET"]}}],"collection":[{"href":"https:\/\/istex.is\/en\/wp-json\/wp\/v2\/pages"}],"about":[{"href":"https:\/\/istex.is\/en\/wp-json\/wp\/v2\/types\/page"}],"author":[{"embeddable":true,"href":"https:\/\/istex.is\/en\/wp-json\/wp\/v2\/users\/36"}],"replies":[{"embeddable":true,"href":"https:\/\/istex.is\/en\/wp-json\/wp\/v2\/comments?post=4229"}],"version-history":[{"count":11,"href":"https:\/\/istex.is\/en\/wp-json\/wp\/v2\/pages\/4229\/revisions"}],"predecessor-version":[{"id":10085,"href":"https:\/\/istex.is\/en\/wp-json\/wp\/v2\/pages\/4229\/revisions\/10085"}],"up":[{"embeddable":true,"href":"https:\/\/istex.is\/en\/wp-json\/wp\/v2\/pages\/4272"}],"wp:attachment":[{"href":"https:\/\/istex.is\/en\/wp-json\/wp\/v2\/media?parent=4229"}],"curies":[{"name":"wp","href":"https:\/\/api.w.org\/{rel}","templated":true}]}}